{"id":2210,"date":"2021-06-09T12:04:09","date_gmt":"2021-06-09T10:04:09","guid":{"rendered":"https:\/\/www.tecni-bombage.com\/specifiers\/"},"modified":"2021-06-09T16:21:42","modified_gmt":"2021-06-09T14:21:42","slug":"specifiers","status":"publish","type":"page","link":"https:\/\/www.tecni-bombage.com\/en\/specifiers\/","title":{"rendered":"Specifiers"},"content":{"rendered":"<h3>Curved glass inspires architects<\/h3>\n<p>Are you a professional within the fields of architecture, construction , housing or interior design?<\/p>\n<ul>\n<li>Architects DPLG<\/li>\n<li>Interior designers <\/li>\n<li>Construction of individual homes<\/li>\n<li>Professionnels du BTP<\/li>\n<li>Project managers<\/li>\n<li>Specifiers<\/li>\n<\/ul>\n<p>Vous recherchez pour vos clients de nouvelles id\u00e9es d\u2019am\u00e9nagement int\u00e9rieur et ext\u00e9rieur.<br \/>\n<strong>Connaissez-vous les possibilit\u00e9s quasi-infinies propos\u00e9es par le verre ?<\/strong><br \/>\nVerre bomb\u00e9, verre color\u00e9, verre d\u00e9cor\u00e9, verre isolant, verres feuillet\u00e9s (avec impressions), propri\u00e9t\u00e9s techniques sp\u00e9cifiques\u2026<\/p>\n<p>D\u00e9couvrez quelques-unes de nos r\u00e9alisations dans votre domaine :<\/p>\n<ul>\n<li><a href=\"https:\/\/www.tecni-bombage.com\/enveloppe-du-batiment\/\">Enveloppe du b\u00e2timent<\/a><\/li>\n<li><a href=\"https:\/\/www.tecni-bombage.com\/agencement-interieur\/\">Am\u00e9nagement int\u00e9rieur<\/a><\/li>\n<li><a href=\"https:\/\/www.tecni-bombage.com\/realisations-escaliers\/\">Escaliers<\/a><\/li>\n<\/ul>\n<div class=\"fusion-fullwidth fullwidth-box fusion-builder-row-1 hundred-percent-fullwidth non-hundred-percent-height-scrolling\" style=\"background-color: rgba(255,255,255,0);background-position: center center;background-repeat: no-repeat;padding-top:0px;padding-right:0px;padding-bottom:0px;padding-left:0px;margin-bottom: 0px;margin-top: 0px;border-width: 0px 0px 0px 0px;border-color:#eae9e9;border-style:solid;\" ><div class=\"fusion-builder-row fusion-row\"><div class=\"fusion-layout-column fusion_builder_column fusion-builder-column-0 fusion_builder_column_1_1 1_1 fusion-one-full fusion-column-first fusion-column-last fusion-column-no-min-height\" style=\"margin-top:0px;margin-bottom:0px;\"><div class=\"fusion-column-wrapper fusion-flex-column-wrapper-legacy\" style=\"background-position:left top;background-repeat:no-repeat;-webkit-background-size:cover;-moz-background-size:cover;-o-background-size:cover;background-size:cover;padding: 0px 0px 0px 0px;\">\n\t\t<style type=\"text\/css\">\n\t\t\t#gallery-1 {\n\t\t\t\tmargin: auto;\n\t\t\t}\n\t\t\t#gallery-1 .gallery-item {\n\t\t\t\tfloat: left;\n\t\t\t\tmargin-top: 10px;\n\t\t\t\ttext-align: center;\n\t\t\t\twidth: 20%;\n\t\t\t}\n\t\t\t#gallery-1 img {\n\t\t\t\tborder: 2px solid #cfcfcf;\n\t\t\t}\n\t\t\t#gallery-1 .gallery-caption {\n\t\t\t\tmargin-left: 0;\n\t\t\t}\n\t\t\t\/* see gallery_shortcode() in wp-includes\/media.php *\/\n\t\t<\/style>\n\t\t<div id='gallery-1' class='gallery galleryid-2210 gallery-columns-5 gallery-size-thumbnail'><dl class='gallery-item'>\n\t\t\t<dt class='gallery-icon landscape'>\n\t\t\t\t<a data-rel=\"iLightbox[postimages]\" data-title=\"TECNI BOMBAGE- Verre feuillet\u00e9 bomb\u00e9 d\u00e9billard\u00e9 &#8211; Garde-corps\" data-caption=\"\" href='https:\/\/www.tecni-bombage.com\/wp-content\/uploads\/TECNI-BOMBAGE-Verre-feuillet\u00e9-bomb\u00e9-d\u00e9billard\u00e9-Garde-corps-1.jpg'><img decoding=\"async\" width=\"150\" height=\"150\" src=\"https:\/\/www.tecni-bombage.com\/wp-content\/uploads\/TECNI-BOMBAGE-Verre-feuillet\u00e9-bomb\u00e9-d\u00e9billard\u00e9-Garde-corps-1-150x150.jpg\" class=\"attachment-thumbnail size-thumbnail\" alt=\"\" srcset=\"https:\/\/www.tecni-bombage.com\/wp-content\/uploads\/TECNI-BOMBAGE-Verre-feuillet\u00e9-bomb\u00e9-d\u00e9billard\u00e9-Garde-corps-1-66x66.jpg 66w, https:\/\/www.tecni-bombage.com\/wp-content\/uploads\/TECNI-BOMBAGE-Verre-feuillet\u00e9-bomb\u00e9-d\u00e9billard\u00e9-Garde-corps-1-150x150.jpg 150w\" sizes=\"(max-width: 150px) 100vw, 150px\" \/><\/a>\n\t\t\t<\/dt><\/dl><dl class='gallery-item'>\n\t\t\t<dt class='gallery-icon landscape'>\n\t\t\t\t<a data-rel=\"iLightbox[postimages]\" data-title=\"TECNI BOMBAGE &#8211; Verre feuillet\u00e9 evasafe bomb\u00e9 &#8211; Gardes corps\" data-caption=\"\" href='https:\/\/www.tecni-bombage.com\/wp-content\/uploads\/TECNI-BOMBAGE-Verre-feuillet\u00e9-evasafe-bomb\u00e9-Gardes-corps-e1466178487805.jpg'><img decoding=\"async\" width=\"150\" height=\"150\" src=\"https:\/\/www.tecni-bombage.com\/wp-content\/uploads\/TECNI-BOMBAGE-Verre-feuillet\u00e9-evasafe-bomb\u00e9-Gardes-corps-150x150.jpg\" class=\"attachment-thumbnail size-thumbnail\" alt=\"\" srcset=\"https:\/\/www.tecni-bombage.com\/wp-content\/uploads\/TECNI-BOMBAGE-Verre-feuillet\u00e9-evasafe-bomb\u00e9-Gardes-corps-66x66.jpg 66w, https:\/\/www.tecni-bombage.com\/wp-content\/uploads\/TECNI-BOMBAGE-Verre-feuillet\u00e9-evasafe-bomb\u00e9-Gardes-corps-150x150.jpg 150w\" sizes=\"(max-width: 150px) 100vw, 150px\" \/><\/a>\n\t\t\t<\/dt><\/dl><dl class='gallery-item'>\n\t\t\t<dt class='gallery-icon landscape'>\n\t\t\t\t<a data-rel=\"iLightbox[postimages]\" data-title=\"TECNI BOMBAGE Verre bomb\u00e9 FEUILLETE  EX.BL.  10.10 FILM OPALE  2\" data-caption=\"\" href='https:\/\/www.tecni-bombage.com\/wp-content\/uploads\/FEUILLETE-EX.BL_.-10.10-FILM-OPALE-2.jpeg'><img decoding=\"async\" width=\"150\" height=\"150\" src=\"https:\/\/www.tecni-bombage.com\/wp-content\/uploads\/FEUILLETE-EX.BL_.-10.10-FILM-OPALE-2-150x150.jpeg\" class=\"attachment-thumbnail size-thumbnail\" alt=\"\" srcset=\"https:\/\/www.tecni-bombage.com\/wp-content\/uploads\/FEUILLETE-EX.BL_.-10.10-FILM-OPALE-2-66x66.jpeg 66w, https:\/\/www.tecni-bombage.com\/wp-content\/uploads\/FEUILLETE-EX.BL_.-10.10-FILM-OPALE-2-150x150.jpeg 150w\" sizes=\"(max-width: 150px) 100vw, 150px\" \/><\/a>\n\t\t\t<\/dt><\/dl><dl class='gallery-item'>\n\t\t\t<dt class='gallery-icon landscape'>\n\t\t\t\t<a data-rel=\"iLightbox[postimages]\" data-title=\"TECNI BOMBAGE &#8211; Verre feuillet\u00e9 bomb\u00e9 10.10 &#8211; Gardes corps\" data-caption=\"\" href='https:\/\/www.tecni-bombage.com\/wp-content\/uploads\/TECNI-BOMBAGE-Verre-feuillet\u00e9-bomb\u00e9-10.10-Gardes-corps-e1466178470871.jpg'><img decoding=\"async\" width=\"150\" height=\"150\" src=\"https:\/\/www.tecni-bombage.com\/wp-content\/uploads\/TECNI-BOMBAGE-Verre-feuillet\u00e9-bomb\u00e9-10.10-Gardes-corps-150x150.jpg\" class=\"attachment-thumbnail size-thumbnail\" alt=\"\" srcset=\"https:\/\/www.tecni-bombage.com\/wp-content\/uploads\/TECNI-BOMBAGE-Verre-feuillet\u00e9-bomb\u00e9-10.10-Gardes-corps-66x66.jpg 66w, https:\/\/www.tecni-bombage.com\/wp-content\/uploads\/TECNI-BOMBAGE-Verre-feuillet\u00e9-bomb\u00e9-10.10-Gardes-corps-150x150.jpg 150w\" sizes=\"(max-width: 150px) 100vw, 150px\" \/><\/a>\n\t\t\t<\/dt><\/dl><dl class='gallery-item'>\n\t\t\t<dt class='gallery-icon landscape'>\n\t\t\t\t<a data-rel=\"iLightbox[postimages]\" data-title=\"TECNI BOMBAGE &#8211; Verre isolant bomb\u00e9 55- 8 argon &#8211; 6FE &#8211; Fa\u00e7ades (2)\" data-caption=\"\" href='https:\/\/www.tecni-bombage.com\/wp-content\/uploads\/TECNI-BOMBAGE-Verre-isolant-bomb\u00e9-55-8-argon-6FE-Fa\u00e7ades-2-1.jpg'><img decoding=\"async\" width=\"150\" height=\"150\" src=\"https:\/\/www.tecni-bombage.com\/wp-content\/uploads\/TECNI-BOMBAGE-Verre-isolant-bomb\u00e9-55-8-argon-6FE-Fa\u00e7ades-2-1-150x150.jpg\" class=\"attachment-thumbnail size-thumbnail\" alt=\"\" srcset=\"https:\/\/www.tecni-bombage.com\/wp-content\/uploads\/TECNI-BOMBAGE-Verre-isolant-bomb\u00e9-55-8-argon-6FE-Fa\u00e7ades-2-1-66x66.jpg 66w, https:\/\/www.tecni-bombage.com\/wp-content\/uploads\/TECNI-BOMBAGE-Verre-isolant-bomb\u00e9-55-8-argon-6FE-Fa\u00e7ades-2-1-150x150.jpg 150w\" sizes=\"(max-width: 150px) 100vw, 150px\" \/><\/a>\n\t\t\t<\/dt><\/dl><br style=\"clear: both\" \/>\n\t\t<\/div>\n\n<p>Tecni Bombage peut vous aider \u00e0 mieux d\u00e9couvrir les applications li\u00e9es au verre bomb\u00e9.<br \/>\n<a href=\"https:\/\/www.tecni-bombage.com\/en\/contact-us\/\">Consultez-nous<\/a>, faites-nous part de vos id\u00e9es, nous saurons vous orienter vers les meilleures options.<\/p>\n<p>&nbsp;<div class=\"fusion-clearfix\"><\/div><\/div><\/div><\/div><style type=\"text\/css\">.fusion-fullwidth.fusion-builder-row-1 { overflow:visible; }<\/style><\/div>\n","protected":false},"excerpt":{"rendered":"<p>Curved glass inspires architects Are you a professional within the fields of architecture, construction , housing or interior design? Architects [&hellip;]<\/p>\n","protected":false},"author":1,"featured_media":0,"parent":0,"menu_order":0,"comment_status":"closed","ping_status":"closed","template":"","meta":{"footnotes":""},"class_list":["post-2210","page","type-page","status-publish","hentry"],"yoast_head":"<!-- This site is optimized with the Yoast SEO plugin v27.5 - https:\/\/yoast.com\/product\/yoast-seo-wordpress\/ -->\n<title>Architectural curved glass<\/title>\n<meta name=\"description\" content=\"All the possibilities of curved glass adapted to the architectural sector\" \/>\n<meta name=\"robots\" content=\"index, follow, max-snippet:-1, max-image-preview:large, max-video-preview:-1\" \/>\n<link rel=\"canonical\" href=\"https:\/\/www.tecni-bombage.com\/en\/specifiers\/\" \/>\n<meta property=\"og:locale\" content=\"en_US\" \/>\n<meta property=\"og:type\" content=\"article\" \/>\n<meta property=\"og:title\" content=\"Architectural curved glass\" \/>\n<meta property=\"og:description\" content=\"All the possibilities of curved glass adapted to the architectural sector\" \/>\n<meta property=\"og:url\" content=\"https:\/\/www.tecni-bombage.com\/en\/specifiers\/\" \/>\n<meta property=\"og:site_name\" content=\"Tecni Bombage\" \/>\n<meta property=\"article:modified_time\" content=\"2021-06-09T14:21:42+00:00\" \/>\n<meta name=\"twitter:card\" content=\"summary_large_image\" \/>\n<meta name=\"twitter:label1\" content=\"Est. reading time\" \/>\n\t<meta name=\"twitter:data1\" content=\"1 minute\" \/>\n<script type=\"application\/ld+json\" class=\"yoast-schema-graph\">{\"@context\":\"https:\\\/\\\/schema.org\",\"@graph\":[{\"@type\":\"WebPage\",\"@id\":\"https:\\\/\\\/www.tecni-bombage.com\\\/en\\\/specifiers\\\/\",\"url\":\"https:\\\/\\\/www.tecni-bombage.com\\\/en\\\/specifiers\\\/\",\"name\":\"Architectural curved glass\",\"isPartOf\":{\"@id\":\"https:\\\/\\\/www.tecni-bombage.com\\\/en\\\/#website\"},\"datePublished\":\"2021-06-09T10:04:09+00:00\",\"dateModified\":\"2021-06-09T14:21:42+00:00\",\"description\":\"All the possibilities of curved glass adapted to the architectural sector\",\"breadcrumb\":{\"@id\":\"https:\\\/\\\/www.tecni-bombage.com\\\/en\\\/specifiers\\\/#breadcrumb\"},\"inLanguage\":\"en-US\",\"potentialAction\":[{\"@type\":\"ReadAction\",\"target\":[\"https:\\\/\\\/www.tecni-bombage.com\\\/en\\\/specifiers\\\/\"]}]},{\"@type\":\"BreadcrumbList\",\"@id\":\"https:\\\/\\\/www.tecni-bombage.com\\\/en\\\/specifiers\\\/#breadcrumb\",\"itemListElement\":[{\"@type\":\"ListItem\",\"position\":1,\"name\":\"Accueil\",\"item\":\"https:\\\/\\\/www.tecni-bombage.com\\\/en\\\/\"},{\"@type\":\"ListItem\",\"position\":2,\"name\":\"Specifiers\"}]},{\"@type\":\"WebSite\",\"@id\":\"https:\\\/\\\/www.tecni-bombage.com\\\/en\\\/#website\",\"url\":\"https:\\\/\\\/www.tecni-bombage.com\\\/en\\\/\",\"name\":\"Tecni Bombage\",\"description\":\"Le verre bomb\u00e9 est notre m\u00e9tier\",\"potentialAction\":[{\"@type\":\"SearchAction\",\"target\":{\"@type\":\"EntryPoint\",\"urlTemplate\":\"https:\\\/\\\/www.tecni-bombage.com\\\/en\\\/?s={search_term_string}\"},\"query-input\":{\"@type\":\"PropertyValueSpecification\",\"valueRequired\":true,\"valueName\":\"search_term_string\"}}],\"inLanguage\":\"en-US\"}]}<\/script>\n<!-- \/ Yoast SEO plugin. -->","yoast_head_json":{"title":"Architectural curved glass","description":"All the possibilities of curved glass adapted to the architectural sector","robots":{"index":"index","follow":"follow","max-snippet":"max-snippet:-1","max-image-preview":"max-image-preview:large","max-video-preview":"max-video-preview:-1"},"canonical":"https:\/\/www.tecni-bombage.com\/en\/specifiers\/","og_locale":"en_US","og_type":"article","og_title":"Architectural curved glass","og_description":"All the possibilities of curved glass adapted to the architectural sector","og_url":"https:\/\/www.tecni-bombage.com\/en\/specifiers\/","og_site_name":"Tecni Bombage","article_modified_time":"2021-06-09T14:21:42+00:00","twitter_card":"summary_large_image","twitter_misc":{"Est. reading time":"1 minute"},"schema":{"@context":"https:\/\/schema.org","@graph":[{"@type":"WebPage","@id":"https:\/\/www.tecni-bombage.com\/en\/specifiers\/","url":"https:\/\/www.tecni-bombage.com\/en\/specifiers\/","name":"Architectural curved glass","isPartOf":{"@id":"https:\/\/www.tecni-bombage.com\/en\/#website"},"datePublished":"2021-06-09T10:04:09+00:00","dateModified":"2021-06-09T14:21:42+00:00","description":"All the possibilities of curved glass adapted to the architectural sector","breadcrumb":{"@id":"https:\/\/www.tecni-bombage.com\/en\/specifiers\/#breadcrumb"},"inLanguage":"en-US","potentialAction":[{"@type":"ReadAction","target":["https:\/\/www.tecni-bombage.com\/en\/specifiers\/"]}]},{"@type":"BreadcrumbList","@id":"https:\/\/www.tecni-bombage.com\/en\/specifiers\/#breadcrumb","itemListElement":[{"@type":"ListItem","position":1,"name":"Accueil","item":"https:\/\/www.tecni-bombage.com\/en\/"},{"@type":"ListItem","position":2,"name":"Specifiers"}]},{"@type":"WebSite","@id":"https:\/\/www.tecni-bombage.com\/en\/#website","url":"https:\/\/www.tecni-bombage.com\/en\/","name":"Tecni Bombage","description":"Le verre bomb\u00e9 est notre m\u00e9tier","potentialAction":[{"@type":"SearchAction","target":{"@type":"EntryPoint","urlTemplate":"https:\/\/www.tecni-bombage.com\/en\/?s={search_term_string}"},"query-input":{"@type":"PropertyValueSpecification","valueRequired":true,"valueName":"search_term_string"}}],"inLanguage":"en-US"}]}},"_links":{"self":[{"href":"https:\/\/www.tecni-bombage.com\/en\/wp-json\/wp\/v2\/pages\/2210","targetHints":{"allow":["GET"]}}],"collection":[{"href":"https:\/\/www.tecni-bombage.com\/en\/wp-json\/wp\/v2\/pages"}],"about":[{"href":"https:\/\/www.tecni-bombage.com\/en\/wp-json\/wp\/v2\/types\/page"}],"author":[{"embeddable":true,"href":"https:\/\/www.tecni-bombage.com\/en\/wp-json\/wp\/v2\/users\/1"}],"replies":[{"embeddable":true,"href":"https:\/\/www.tecni-bombage.com\/en\/wp-json\/wp\/v2\/comments?post=2210"}],"version-history":[{"count":5,"href":"https:\/\/www.tecni-bombage.com\/en\/wp-json\/wp\/v2\/pages\/2210\/revisions"}],"predecessor-version":[{"id":2247,"href":"https:\/\/www.tecni-bombage.com\/en\/wp-json\/wp\/v2\/pages\/2210\/revisions\/2247"}],"wp:attachment":[{"href":"https:\/\/www.tecni-bombage.com\/en\/wp-json\/wp\/v2\/media?parent=2210"}],"curies":[{"name":"wp","href":"https:\/\/api.w.org\/{rel}","templated":true}]}}