{"id":2217,"date":"2021-06-09T12:04:28","date_gmt":"2021-06-09T10:04:28","guid":{"rendered":"https:\/\/www.tecni-bombage.com\/laminated-glass\/"},"modified":"2021-06-09T16:21:53","modified_gmt":"2021-06-09T14:21:53","slug":"laminated-glass","status":"publish","type":"page","link":"https:\/\/www.tecni-bombage.com\/en\/laminated-glass\/","title":{"rendered":"Laminated glass"},"content":{"rendered":"<h3>Laminated glass by Tecni Bombage<\/h3>\n<p>We offer a wide range of curved laminated glass :<\/p>\n<ul>\n<li>Clear or coloured safety resin (Tint on request)<\/li>\n<li>Clear or coloured safety film<\/li>\n<li>Inclusions: opal \/ clear \/ coloured as well as photo, pattern, textile&#8230;<\/li>\n<li>Burglar-proof glass, noise protection, UV protection&#8230;<\/li>\n<li>CE marking and DoP (certification of performance) on request<\/li>\n<\/ul>\n<p><img decoding=\"async\" class=\"alignnone wp-image-1699 \" src=\"https:\/\/www.tecni-bombage.com\/wp-content\/uploads\/logo-CE-150x149.png\" alt=\"logo CE\" width=\"60\" height=\"60\" srcset=\"https:\/\/www.tecni-bombage.com\/wp-content\/uploads\/logo-CE-66x66.png 66w, https:\/\/www.tecni-bombage.com\/wp-content\/uploads\/logo-CE-150x149.png 150w\" sizes=\"(max-width: 60px) 100vw, 60px\" \/><\/p>\n<p>Produced on site in our PONTCHARRA factory, our laminated glass will meet all your specific requirements.<\/p>\n<p>For the manufacture of our laminated glass, we have specific tools at our disposal:<\/p>\n<ul>\n<li>Safety resin assembly furnace &#8211; Maximum dimensions : 4200*2200<\/li>\n<li>Film assembly oven &#8211; Max. dimensions: 3000*1700<\/li>\n<\/ul>\n<div class=\"fusion-fullwidth fullwidth-box fusion-builder-row-1 hundred-percent-fullwidth non-hundred-percent-height-scrolling\" style=\"background-color: rgba(255,255,255,0);background-position: center center;background-repeat: no-repeat;padding-top:0px;padding-right:0px;padding-bottom:0px;padding-left:0px;margin-bottom: 0px;margin-top: 0px;border-width: 0px 0px 0px 0px;border-color:#eae9e9;border-style:solid;\" ><div class=\"fusion-builder-row fusion-row\"><div class=\"fusion-layout-column fusion_builder_column fusion-builder-column-0 fusion_builder_column_1_1 1_1 fusion-one-full fusion-column-first fusion-column-last fusion-column-no-min-height\" style=\"margin-top:0px;margin-bottom:0px;\"><div class=\"fusion-column-wrapper fusion-flex-column-wrapper-legacy\" style=\"background-position:left top;background-repeat:no-repeat;-webkit-background-size:cover;-moz-background-size:cover;-o-background-size:cover;background-size:cover;padding: 0px 0px 0px 0px;\">\n\t\t<style type=\"text\/css\">\n\t\t\t#gallery-1 {\n\t\t\t\tmargin: auto;\n\t\t\t}\n\t\t\t#gallery-1 .gallery-item {\n\t\t\t\tfloat: left;\n\t\t\t\tmargin-top: 10px;\n\t\t\t\ttext-align: center;\n\t\t\t\twidth: 50%;\n\t\t\t}\n\t\t\t#gallery-1 img {\n\t\t\t\tborder: 2px solid #cfcfcf;\n\t\t\t}\n\t\t\t#gallery-1 .gallery-caption {\n\t\t\t\tmargin-left: 0;\n\t\t\t}\n\t\t\t\/* see gallery_shortcode() in wp-includes\/media.php *\/\n\t\t<\/style>\n\t\t<div id='gallery-1' class='gallery galleryid-2217 gallery-columns-2 gallery-size-thumbnail'><dl class='gallery-item'>\n\t\t\t<dt class='gallery-icon portrait'>\n\t\t\t\t<a data-rel=\"iLightbox[postimages]\" data-title=\"TECNI BOMBAGE &#8211; Assemblage r\u00e9sine\" data-caption=\"Four d&#039;assemblage R\u00e9sine de s\u00e9curit\u00e9\" href='https:\/\/www.tecni-bombage.com\/wp-content\/uploads\/TECNI-BOMBAGE-Assemblage-r\u00e9sine.jpg'><img decoding=\"async\" width=\"150\" height=\"150\" src=\"https:\/\/www.tecni-bombage.com\/wp-content\/uploads\/TECNI-BOMBAGE-Assemblage-r\u00e9sine-150x150.jpg\" class=\"attachment-thumbnail size-thumbnail\" alt=\"\" aria-describedby=\"gallery-1-2118\" srcset=\"https:\/\/www.tecni-bombage.com\/wp-content\/uploads\/TECNI-BOMBAGE-Assemblage-r\u00e9sine-66x66.jpg 66w, https:\/\/www.tecni-bombage.com\/wp-content\/uploads\/TECNI-BOMBAGE-Assemblage-r\u00e9sine-150x150.jpg 150w\" sizes=\"(max-width: 150px) 100vw, 150px\" \/><\/a>\n\t\t\t<\/dt>\n\t\t\t\t<dd class='wp-caption-text gallery-caption' id='gallery-1-2118'>\n\t\t\t\tFour d&#8217;assemblage R\u00e9sine de s\u00e9curit\u00e9\n\t\t\t\t<\/dd><\/dl><dl class='gallery-item'>\n\t\t\t<dt class='gallery-icon landscape'>\n\t\t\t\t<a data-rel=\"iLightbox[postimages]\" data-title=\"TECNI BOMBAGE &#8211; Four film Evasafe\" data-caption=\"Four d&#039;assemblage Film\" href='https:\/\/www.tecni-bombage.com\/wp-content\/uploads\/TECNI-BOMBAGE-Four-film-Evasafe.jpg'><img decoding=\"async\" width=\"150\" height=\"150\" src=\"https:\/\/www.tecni-bombage.com\/wp-content\/uploads\/TECNI-BOMBAGE-Four-film-Evasafe-150x150.jpg\" class=\"attachment-thumbnail size-thumbnail\" alt=\"\" aria-describedby=\"gallery-1-2116\" srcset=\"https:\/\/www.tecni-bombage.com\/wp-content\/uploads\/TECNI-BOMBAGE-Four-film-Evasafe-66x66.jpg 66w, https:\/\/www.tecni-bombage.com\/wp-content\/uploads\/TECNI-BOMBAGE-Four-film-Evasafe-150x150.jpg 150w\" sizes=\"(max-width: 150px) 100vw, 150px\" \/><\/a>\n\t\t\t<\/dt>\n\t\t\t\t<dd class='wp-caption-text gallery-caption' id='gallery-1-2116'>\n\t\t\t\tFour d&#8217;assemblage Film\n\t\t\t\t<\/dd><\/dl><br style=\"clear: both\" \/>\n\t\t<\/div>\n\n<p>Discover all the possibilities of curved laminated glass:<a href=\"https:\/\/www.tecni-bombage.com\/le-bombage\/\">see Bending page<\/a><\/p>\n<p>&nbsp;<div class=\"fusion-clearfix\"><\/div><\/div><\/div><\/div><style type=\"text\/css\">.fusion-fullwidth.fusion-builder-row-1 { overflow:visible; }<\/style><\/div>\n","protected":false},"excerpt":{"rendered":"<p>Laminated glass by Tecni Bombage We offer a wide range of curved laminated glass : Clear or coloured safety resin [&hellip;]<\/p>\n","protected":false},"author":2,"featured_media":0,"parent":0,"menu_order":0,"comment_status":"closed","ping_status":"closed","template":"","meta":{"footnotes":""},"class_list":["post-2217","page","type-page","status-publish","hentry"],"yoast_head":"<!-- This site is optimized with the Yoast SEO plugin v27.5 - https:\/\/yoast.com\/product\/yoast-seo-wordpress\/ -->\n<title>Laminated glass &#8211; Tecni Bombage<\/title>\n<meta name=\"description\" content=\"Tecni Bombage offers a wide range of curved laminated glass with different properties: safety resin, films, inclusions\" \/>\n<meta name=\"robots\" content=\"index, follow, max-snippet:-1, max-image-preview:large, max-video-preview:-1\" \/>\n<link rel=\"canonical\" href=\"https:\/\/www.tecni-bombage.com\/en\/laminated-glass\/\" \/>\n<meta property=\"og:locale\" content=\"en_US\" \/>\n<meta property=\"og:type\" content=\"article\" \/>\n<meta property=\"og:title\" content=\"Laminated glass &#8211; Tecni Bombage\" \/>\n<meta property=\"og:description\" content=\"Tecni Bombage offers a wide range of curved laminated glass with different properties: safety resin, films, inclusions\" \/>\n<meta property=\"og:url\" content=\"https:\/\/www.tecni-bombage.com\/en\/laminated-glass\/\" \/>\n<meta property=\"og:site_name\" content=\"Tecni Bombage\" \/>\n<meta property=\"article:modified_time\" content=\"2021-06-09T14:21:53+00:00\" \/>\n<meta property=\"og:image\" content=\"https:\/\/www.tecni-bombage.com\/wp-content\/uploads\/logo-CE-150x149.png\" \/>\n<meta name=\"twitter:card\" content=\"summary_large_image\" \/>\n<meta name=\"twitter:label1\" content=\"Est. reading time\" \/>\n\t<meta name=\"twitter:data1\" content=\"1 minute\" \/>\n<script type=\"application\/ld+json\" class=\"yoast-schema-graph\">{\"@context\":\"https:\\\/\\\/schema.org\",\"@graph\":[{\"@type\":\"WebPage\",\"@id\":\"https:\\\/\\\/www.tecni-bombage.com\\\/en\\\/laminated-glass\\\/\",\"url\":\"https:\\\/\\\/www.tecni-bombage.com\\\/en\\\/laminated-glass\\\/\",\"name\":\"Laminated glass &#8211; Tecni Bombage\",\"isPartOf\":{\"@id\":\"https:\\\/\\\/www.tecni-bombage.com\\\/en\\\/#website\"},\"primaryImageOfPage\":{\"@id\":\"https:\\\/\\\/www.tecni-bombage.com\\\/en\\\/laminated-glass\\\/#primaryimage\"},\"image\":{\"@id\":\"https:\\\/\\\/www.tecni-bombage.com\\\/en\\\/laminated-glass\\\/#primaryimage\"},\"thumbnailUrl\":\"https:\\\/\\\/www.tecni-bombage.com\\\/wp-content\\\/uploads\\\/logo-CE-150x149.png\",\"datePublished\":\"2021-06-09T10:04:28+00:00\",\"dateModified\":\"2021-06-09T14:21:53+00:00\",\"description\":\"Tecni Bombage offers a wide range of curved laminated glass with different properties: safety resin, films, inclusions\",\"breadcrumb\":{\"@id\":\"https:\\\/\\\/www.tecni-bombage.com\\\/en\\\/laminated-glass\\\/#breadcrumb\"},\"inLanguage\":\"en-US\",\"potentialAction\":[{\"@type\":\"ReadAction\",\"target\":[\"https:\\\/\\\/www.tecni-bombage.com\\\/en\\\/laminated-glass\\\/\"]}]},{\"@type\":\"ImageObject\",\"inLanguage\":\"en-US\",\"@id\":\"https:\\\/\\\/www.tecni-bombage.com\\\/en\\\/laminated-glass\\\/#primaryimage\",\"url\":\"https:\\\/\\\/www.tecni-bombage.com\\\/wp-content\\\/uploads\\\/logo-CE-150x149.png\",\"contentUrl\":\"https:\\\/\\\/www.tecni-bombage.com\\\/wp-content\\\/uploads\\\/logo-CE-150x149.png\"},{\"@type\":\"BreadcrumbList\",\"@id\":\"https:\\\/\\\/www.tecni-bombage.com\\\/en\\\/laminated-glass\\\/#breadcrumb\",\"itemListElement\":[{\"@type\":\"ListItem\",\"position\":1,\"name\":\"Accueil\",\"item\":\"https:\\\/\\\/www.tecni-bombage.com\\\/en\\\/\"},{\"@type\":\"ListItem\",\"position\":2,\"name\":\"Laminated glass\"}]},{\"@type\":\"WebSite\",\"@id\":\"https:\\\/\\\/www.tecni-bombage.com\\\/en\\\/#website\",\"url\":\"https:\\\/\\\/www.tecni-bombage.com\\\/en\\\/\",\"name\":\"Tecni Bombage\",\"description\":\"Le verre bomb\u00e9 est notre m\u00e9tier\",\"potentialAction\":[{\"@type\":\"SearchAction\",\"target\":{\"@type\":\"EntryPoint\",\"urlTemplate\":\"https:\\\/\\\/www.tecni-bombage.com\\\/en\\\/?s={search_term_string}\"},\"query-input\":{\"@type\":\"PropertyValueSpecification\",\"valueRequired\":true,\"valueName\":\"search_term_string\"}}],\"inLanguage\":\"en-US\"}]}<\/script>\n<!-- \/ Yoast SEO plugin. -->","yoast_head_json":{"title":"Laminated glass &#8211; Tecni Bombage","description":"Tecni Bombage offers a wide range of curved laminated glass with different properties: safety resin, films, inclusions","robots":{"index":"index","follow":"follow","max-snippet":"max-snippet:-1","max-image-preview":"max-image-preview:large","max-video-preview":"max-video-preview:-1"},"canonical":"https:\/\/www.tecni-bombage.com\/en\/laminated-glass\/","og_locale":"en_US","og_type":"article","og_title":"Laminated glass &#8211; Tecni Bombage","og_description":"Tecni Bombage offers a wide range of curved laminated glass with different properties: safety resin, films, inclusions","og_url":"https:\/\/www.tecni-bombage.com\/en\/laminated-glass\/","og_site_name":"Tecni Bombage","article_modified_time":"2021-06-09T14:21:53+00:00","og_image":[{"url":"https:\/\/www.tecni-bombage.com\/wp-content\/uploads\/logo-CE-150x149.png","type":"","width":"","height":""}],"twitter_card":"summary_large_image","twitter_misc":{"Est. reading time":"1 minute"},"schema":{"@context":"https:\/\/schema.org","@graph":[{"@type":"WebPage","@id":"https:\/\/www.tecni-bombage.com\/en\/laminated-glass\/","url":"https:\/\/www.tecni-bombage.com\/en\/laminated-glass\/","name":"Laminated glass &#8211; Tecni Bombage","isPartOf":{"@id":"https:\/\/www.tecni-bombage.com\/en\/#website"},"primaryImageOfPage":{"@id":"https:\/\/www.tecni-bombage.com\/en\/laminated-glass\/#primaryimage"},"image":{"@id":"https:\/\/www.tecni-bombage.com\/en\/laminated-glass\/#primaryimage"},"thumbnailUrl":"https:\/\/www.tecni-bombage.com\/wp-content\/uploads\/logo-CE-150x149.png","datePublished":"2021-06-09T10:04:28+00:00","dateModified":"2021-06-09T14:21:53+00:00","description":"Tecni Bombage offers a wide range of curved laminated glass with different properties: safety resin, films, inclusions","breadcrumb":{"@id":"https:\/\/www.tecni-bombage.com\/en\/laminated-glass\/#breadcrumb"},"inLanguage":"en-US","potentialAction":[{"@type":"ReadAction","target":["https:\/\/www.tecni-bombage.com\/en\/laminated-glass\/"]}]},{"@type":"ImageObject","inLanguage":"en-US","@id":"https:\/\/www.tecni-bombage.com\/en\/laminated-glass\/#primaryimage","url":"https:\/\/www.tecni-bombage.com\/wp-content\/uploads\/logo-CE-150x149.png","contentUrl":"https:\/\/www.tecni-bombage.com\/wp-content\/uploads\/logo-CE-150x149.png"},{"@type":"BreadcrumbList","@id":"https:\/\/www.tecni-bombage.com\/en\/laminated-glass\/#breadcrumb","itemListElement":[{"@type":"ListItem","position":1,"name":"Accueil","item":"https:\/\/www.tecni-bombage.com\/en\/"},{"@type":"ListItem","position":2,"name":"Laminated glass"}]},{"@type":"WebSite","@id":"https:\/\/www.tecni-bombage.com\/en\/#website","url":"https:\/\/www.tecni-bombage.com\/en\/","name":"Tecni Bombage","description":"Le verre bomb\u00e9 est notre m\u00e9tier","potentialAction":[{"@type":"SearchAction","target":{"@type":"EntryPoint","urlTemplate":"https:\/\/www.tecni-bombage.com\/en\/?s={search_term_string}"},"query-input":{"@type":"PropertyValueSpecification","valueRequired":true,"valueName":"search_term_string"}}],"inLanguage":"en-US"}]}},"_links":{"self":[{"href":"https:\/\/www.tecni-bombage.com\/en\/wp-json\/wp\/v2\/pages\/2217","targetHints":{"allow":["GET"]}}],"collection":[{"href":"https:\/\/www.tecni-bombage.com\/en\/wp-json\/wp\/v2\/pages"}],"about":[{"href":"https:\/\/www.tecni-bombage.com\/en\/wp-json\/wp\/v2\/types\/page"}],"author":[{"embeddable":true,"href":"https:\/\/www.tecni-bombage.com\/en\/wp-json\/wp\/v2\/users\/2"}],"replies":[{"embeddable":true,"href":"https:\/\/www.tecni-bombage.com\/en\/wp-json\/wp\/v2\/comments?post=2217"}],"version-history":[{"count":5,"href":"https:\/\/www.tecni-bombage.com\/en\/wp-json\/wp\/v2\/pages\/2217\/revisions"}],"predecessor-version":[{"id":2253,"href":"https:\/\/www.tecni-bombage.com\/en\/wp-json\/wp\/v2\/pages\/2217\/revisions\/2253"}],"wp:attachment":[{"href":"https:\/\/www.tecni-bombage.com\/en\/wp-json\/wp\/v2\/media?parent=2217"}],"curies":[{"name":"wp","href":"https:\/\/api.w.org\/{rel}","templated":true}]}}