{"id":2266,"date":"2021-06-09T16:22:29","date_gmt":"2021-06-09T14:22:29","guid":{"rendered":"https:\/\/www.tecni-bombage.com\/stairs\/"},"modified":"2021-06-09T16:22:29","modified_gmt":"2021-06-09T14:22:29","slug":"stairs","status":"publish","type":"page","link":"https:\/\/www.tecni-bombage.com\/en\/stairs\/","title":{"rendered":"Stairs"},"content":{"rendered":"<h3>Curved glass is particularly well suited for staircases, railings and balustrades.<\/h3>\n<p>If you want a railing made of curved glass, the possibilities are almost endless&#8230;<br \/>\nWhether rebate, clamp or low profile fixing only, we will adapt our solution to your aesthetic and technical constraints by offering a whole range of glass types for your consideration&#8230;<\/p>\n<p><strong>Some of our curved glass installations:<\/strong><\/p>\n\n\t\t<style type=\"text\/css\">\n\t\t\t#gallery-1 {\n\t\t\t\tmargin: auto;\n\t\t\t}\n\t\t\t#gallery-1 .gallery-item {\n\t\t\t\tfloat: left;\n\t\t\t\tmargin-top: 10px;\n\t\t\t\ttext-align: center;\n\t\t\t\twidth: 33%;\n\t\t\t}\n\t\t\t#gallery-1 img {\n\t\t\t\tborder: 2px solid #cfcfcf;\n\t\t\t}\n\t\t\t#gallery-1 .gallery-caption {\n\t\t\t\tmargin-left: 0;\n\t\t\t}\n\t\t\t\/* see gallery_shortcode() in wp-includes\/media.php *\/\n\t\t<\/style>\n\t\t<div id='gallery-1' class='gallery galleryid-2266 gallery-columns-3 gallery-size-thumbnail'><dl class='gallery-item'>\n\t\t\t<dt class='gallery-icon landscape'>\n\t\t\t\t<a data-rel=\"iLightbox[postimages]\" data-title=\"Verre bomb\u00e9 escalier\" data-caption=\"\" href='https:\/\/www.tecni-bombage.com\/wp-content\/uploads\/8961.jpg'><img decoding=\"async\" width=\"150\" height=\"150\" src=\"https:\/\/www.tecni-bombage.com\/wp-content\/uploads\/8961-150x150.jpg\" class=\"attachment-thumbnail size-thumbnail\" alt=\"\" srcset=\"https:\/\/www.tecni-bombage.com\/wp-content\/uploads\/8961-66x66.jpg 66w, https:\/\/www.tecni-bombage.com\/wp-content\/uploads\/8961-150x150.jpg 150w\" sizes=\"(max-width: 150px) 100vw, 150px\" \/><\/a>\n\t\t\t<\/dt><\/dl><dl class='gallery-item'>\n\t\t\t<dt class='gallery-icon portrait'>\n\t\t\t\t<a data-rel=\"iLightbox[postimages]\" data-title=\"TECNI BOMBAGE Verre bomb\u00e9 escalier 3\" data-caption=\"\" href='https:\/\/www.tecni-bombage.com\/wp-content\/uploads\/TB1.jpg'><img decoding=\"async\" width=\"150\" height=\"150\" src=\"https:\/\/www.tecni-bombage.com\/wp-content\/uploads\/TB1-150x150.jpg\" class=\"attachment-thumbnail size-thumbnail\" alt=\"\" srcset=\"https:\/\/www.tecni-bombage.com\/wp-content\/uploads\/TB1-66x66.jpg 66w, https:\/\/www.tecni-bombage.com\/wp-content\/uploads\/TB1-150x150.jpg 150w\" sizes=\"(max-width: 150px) 100vw, 150px\" \/><\/a>\n\t\t\t<\/dt><\/dl><dl class='gallery-item'>\n\t\t\t<dt class='gallery-icon portrait'>\n\t\t\t\t<a data-rel=\"iLightbox[postimages]\" data-title=\"TECNI BOMBAGE Verre bomb\u00e9 escalier\" data-caption=\"\" href='https:\/\/www.tecni-bombage.com\/wp-content\/uploads\/TB3.jpg'><img decoding=\"async\" width=\"150\" height=\"150\" src=\"https:\/\/www.tecni-bombage.com\/wp-content\/uploads\/TB3-150x150.jpg\" class=\"attachment-thumbnail size-thumbnail\" alt=\"\" srcset=\"https:\/\/www.tecni-bombage.com\/wp-content\/uploads\/TB3-66x66.jpg 66w, https:\/\/www.tecni-bombage.com\/wp-content\/uploads\/TB3-150x150.jpg 150w\" sizes=\"(max-width: 150px) 100vw, 150px\" \/><\/a>\n\t\t\t<\/dt><\/dl><br style=\"clear: both\" \/><dl class='gallery-item'>\n\t\t\t<dt class='gallery-icon portrait'>\n\t\t\t\t<a data-rel=\"iLightbox[postimages]\" data-title=\"TECNI BOMBAGE &#8211; Verre feuillet\u00e9 bomb\u00e9 &#8211; Garde-corps\" data-caption=\"\" href='https:\/\/www.tecni-bombage.com\/wp-content\/uploads\/TECNI-BOMBAGE-Verre-feuillet\u00e9-bomb\u00e9-Garde-corps-Copie.jpg'><img decoding=\"async\" width=\"150\" height=\"150\" src=\"https:\/\/www.tecni-bombage.com\/wp-content\/uploads\/TECNI-BOMBAGE-Verre-feuillet\u00e9-bomb\u00e9-Garde-corps-Copie-150x150.jpg\" class=\"attachment-thumbnail size-thumbnail\" alt=\"\" srcset=\"https:\/\/www.tecni-bombage.com\/wp-content\/uploads\/TECNI-BOMBAGE-Verre-feuillet\u00e9-bomb\u00e9-Garde-corps-Copie-66x66.jpg 66w, https:\/\/www.tecni-bombage.com\/wp-content\/uploads\/TECNI-BOMBAGE-Verre-feuillet\u00e9-bomb\u00e9-Garde-corps-Copie-150x150.jpg 150w\" sizes=\"(max-width: 150px) 100vw, 150px\" \/><\/a>\n\t\t\t<\/dt><\/dl><dl class='gallery-item'>\n\t\t\t<dt class='gallery-icon landscape'>\n\t\t\t\t<a data-rel=\"iLightbox[postimages]\" data-title=\"TECNI BOMBAGE &#8211; Verre feuillet\u00e9 bomb\u00e9 &#8211; Garde-corps (2)\" data-caption=\"\" href='https:\/\/www.tecni-bombage.com\/wp-content\/uploads\/TECNI-BOMBAGE-Verre-feuillet\u00e9-bomb\u00e9-Garde-corps-2-Copie.jpg'><img decoding=\"async\" width=\"150\" height=\"150\" src=\"https:\/\/www.tecni-bombage.com\/wp-content\/uploads\/TECNI-BOMBAGE-Verre-feuillet\u00e9-bomb\u00e9-Garde-corps-2-Copie-150x150.jpg\" class=\"attachment-thumbnail size-thumbnail\" alt=\"\" srcset=\"https:\/\/www.tecni-bombage.com\/wp-content\/uploads\/TECNI-BOMBAGE-Verre-feuillet\u00e9-bomb\u00e9-Garde-corps-2-Copie-66x66.jpg 66w, https:\/\/www.tecni-bombage.com\/wp-content\/uploads\/TECNI-BOMBAGE-Verre-feuillet\u00e9-bomb\u00e9-Garde-corps-2-Copie-150x150.jpg 150w\" sizes=\"(max-width: 150px) 100vw, 150px\" \/><\/a>\n\t\t\t<\/dt><\/dl><dl class='gallery-item'>\n\t\t\t<dt class='gallery-icon portrait'>\n\t\t\t\t<a data-rel=\"iLightbox[postimages]\" data-title=\"TECNI BOMBAGE Verre bomb\u00e9 escalier 2\" data-caption=\"\" href='https:\/\/www.tecni-bombage.com\/wp-content\/uploads\/TB2.jpg'><img decoding=\"async\" width=\"150\" height=\"150\" src=\"https:\/\/www.tecni-bombage.com\/wp-content\/uploads\/TB2-150x150.jpg\" class=\"attachment-thumbnail size-thumbnail\" alt=\"\" srcset=\"https:\/\/www.tecni-bombage.com\/wp-content\/uploads\/TB2-66x66.jpg 66w, https:\/\/www.tecni-bombage.com\/wp-content\/uploads\/TB2-150x150.jpg 150w\" sizes=\"(max-width: 150px) 100vw, 150px\" \/><\/a>\n\t\t\t<\/dt><\/dl><br style=\"clear: both\" \/><dl class='gallery-item'>\n\t\t\t<dt class='gallery-icon landscape'>\n\t\t\t\t<a data-rel=\"iLightbox[postimages]\" data-title=\"TECNI BOMBAGE- Verre feuillet\u00e9 bomb\u00e9 d\u00e9billard\u00e9 &#8211; Garde-corps\" data-caption=\"\" href='https:\/\/www.tecni-bombage.com\/wp-content\/uploads\/TECNI-BOMBAGE-Verre-feuillet\u00e9-bomb\u00e9-d\u00e9billard\u00e9-Garde-corps-1.jpg'><img decoding=\"async\" width=\"150\" height=\"150\" src=\"https:\/\/www.tecni-bombage.com\/wp-content\/uploads\/TECNI-BOMBAGE-Verre-feuillet\u00e9-bomb\u00e9-d\u00e9billard\u00e9-Garde-corps-1-150x150.jpg\" class=\"attachment-thumbnail size-thumbnail\" alt=\"\" srcset=\"https:\/\/www.tecni-bombage.com\/wp-content\/uploads\/TECNI-BOMBAGE-Verre-feuillet\u00e9-bomb\u00e9-d\u00e9billard\u00e9-Garde-corps-1-66x66.jpg 66w, https:\/\/www.tecni-bombage.com\/wp-content\/uploads\/TECNI-BOMBAGE-Verre-feuillet\u00e9-bomb\u00e9-d\u00e9billard\u00e9-Garde-corps-1-150x150.jpg 150w\" sizes=\"(max-width: 150px) 100vw, 150px\" \/><\/a>\n\t\t\t<\/dt><\/dl><dl class='gallery-item'>\n\t\t\t<dt class='gallery-icon portrait'>\n\t\t\t\t<a data-rel=\"iLightbox[postimages]\" data-title=\"TECNI BOMBAGE- Verre feuillet\u00e9 bomb\u00e9 d\u00e9billard\u00e9 &#8211; Garde-corps (2)\" data-caption=\"\" href='https:\/\/www.tecni-bombage.com\/wp-content\/uploads\/TECNI-BOMBAGE-Verre-feuillet\u00e9-bomb\u00e9-d\u00e9billard\u00e9-Garde-corps-2-1.jpg'><img decoding=\"async\" width=\"150\" height=\"150\" src=\"https:\/\/www.tecni-bombage.com\/wp-content\/uploads\/TECNI-BOMBAGE-Verre-feuillet\u00e9-bomb\u00e9-d\u00e9billard\u00e9-Garde-corps-2-1-150x150.jpg\" class=\"attachment-thumbnail size-thumbnail\" alt=\"\" srcset=\"https:\/\/www.tecni-bombage.com\/wp-content\/uploads\/TECNI-BOMBAGE-Verre-feuillet\u00e9-bomb\u00e9-d\u00e9billard\u00e9-Garde-corps-2-1-66x66.jpg 66w, https:\/\/www.tecni-bombage.com\/wp-content\/uploads\/TECNI-BOMBAGE-Verre-feuillet\u00e9-bomb\u00e9-d\u00e9billard\u00e9-Garde-corps-2-1-150x150.jpg 150w\" sizes=\"(max-width: 150px) 100vw, 150px\" \/><\/a>\n\t\t\t<\/dt><\/dl><dl class='gallery-item'>\n\t\t\t<dt class='gallery-icon landscape'>\n\t\t\t\t<a data-rel=\"iLightbox[postimages]\" data-title=\"TECNI BOMBAGE &#8211; Verre feuillet\u00e9 evasafe bomb\u00e9 &#8211; Gardes corps\" data-caption=\"\" href='https:\/\/www.tecni-bombage.com\/wp-content\/uploads\/TECNI-BOMBAGE-Verre-feuillet\u00e9-evasafe-bomb\u00e9-Gardes-corps-e1466178487805.jpg'><img decoding=\"async\" width=\"150\" height=\"150\" src=\"https:\/\/www.tecni-bombage.com\/wp-content\/uploads\/TECNI-BOMBAGE-Verre-feuillet\u00e9-evasafe-bomb\u00e9-Gardes-corps-150x150.jpg\" class=\"attachment-thumbnail size-thumbnail\" alt=\"\" srcset=\"https:\/\/www.tecni-bombage.com\/wp-content\/uploads\/TECNI-BOMBAGE-Verre-feuillet\u00e9-evasafe-bomb\u00e9-Gardes-corps-66x66.jpg 66w, https:\/\/www.tecni-bombage.com\/wp-content\/uploads\/TECNI-BOMBAGE-Verre-feuillet\u00e9-evasafe-bomb\u00e9-Gardes-corps-150x150.jpg 150w\" sizes=\"(max-width: 150px) 100vw, 150px\" \/><\/a>\n\t\t\t<\/dt><\/dl><br style=\"clear: both\" \/>\n\t\t<\/div>\n\n","protected":false},"excerpt":{"rendered":"<p>Curved glass is particularly well suited for staircases, railings and balustrades. If you want a railing made of curved glass, [&hellip;]<\/p>\n","protected":false},"author":2,"featured_media":0,"parent":0,"menu_order":0,"comment_status":"closed","ping_status":"closed","template":"","meta":{"footnotes":""},"class_list":["post-2266","page","type-page","status-publish","hentry"],"yoast_head":"<!-- This site is optimized with the Yoast SEO plugin v27.4 - https:\/\/yoast.com\/product\/yoast-seo-wordpress\/ -->\n<title>Staircase and balustrade in curved glass<\/title>\n<meta name=\"description\" content=\"Give free rein to your imagination to create a staircase, a balustrade or a railing in curved glass, whatever your constraints\" \/>\n<meta name=\"robots\" content=\"index, follow, max-snippet:-1, max-image-preview:large, max-video-preview:-1\" \/>\n<link rel=\"canonical\" href=\"https:\/\/www.tecni-bombage.com\/en\/stairs\/\" \/>\n<meta property=\"og:locale\" content=\"en_US\" \/>\n<meta property=\"og:type\" content=\"article\" \/>\n<meta property=\"og:title\" content=\"Staircase and balustrade in curved glass\" \/>\n<meta property=\"og:description\" content=\"Give free rein to your imagination to create a staircase, a balustrade or a railing in curved glass, whatever your constraints\" \/>\n<meta property=\"og:url\" content=\"https:\/\/www.tecni-bombage.com\/en\/stairs\/\" \/>\n<meta property=\"og:site_name\" content=\"Tecni Bombage\" \/>\n<meta property=\"og:image\" content=\"https:\/\/www.tecni-bombage.com\/wp-content\/uploads\/8961-150x150.jpg\" \/>\n<meta name=\"twitter:card\" content=\"summary_large_image\" \/>\n<script type=\"application\/ld+json\" class=\"yoast-schema-graph\">{\"@context\":\"https:\\\/\\\/schema.org\",\"@graph\":[{\"@type\":\"WebPage\",\"@id\":\"https:\\\/\\\/www.tecni-bombage.com\\\/en\\\/stairs\\\/\",\"url\":\"https:\\\/\\\/www.tecni-bombage.com\\\/en\\\/stairs\\\/\",\"name\":\"Staircase and balustrade in curved glass\",\"isPartOf\":{\"@id\":\"https:\\\/\\\/www.tecni-bombage.com\\\/en\\\/#website\"},\"datePublished\":\"2021-06-09T14:22:29+00:00\",\"description\":\"Give free rein to your imagination to create a staircase, a balustrade or a railing in curved glass, whatever your constraints\",\"breadcrumb\":{\"@id\":\"https:\\\/\\\/www.tecni-bombage.com\\\/en\\\/stairs\\\/#breadcrumb\"},\"inLanguage\":\"en-US\",\"potentialAction\":[{\"@type\":\"ReadAction\",\"target\":[\"https:\\\/\\\/www.tecni-bombage.com\\\/en\\\/stairs\\\/\"]}]},{\"@type\":\"BreadcrumbList\",\"@id\":\"https:\\\/\\\/www.tecni-bombage.com\\\/en\\\/stairs\\\/#breadcrumb\",\"itemListElement\":[{\"@type\":\"ListItem\",\"position\":1,\"name\":\"Accueil\",\"item\":\"https:\\\/\\\/www.tecni-bombage.com\\\/en\\\/\"},{\"@type\":\"ListItem\",\"position\":2,\"name\":\"Stairs\"}]},{\"@type\":\"WebSite\",\"@id\":\"https:\\\/\\\/www.tecni-bombage.com\\\/en\\\/#website\",\"url\":\"https:\\\/\\\/www.tecni-bombage.com\\\/en\\\/\",\"name\":\"Tecni Bombage\",\"description\":\"Le verre bomb\u00e9 est notre m\u00e9tier\",\"potentialAction\":[{\"@type\":\"SearchAction\",\"target\":{\"@type\":\"EntryPoint\",\"urlTemplate\":\"https:\\\/\\\/www.tecni-bombage.com\\\/en\\\/?s={search_term_string}\"},\"query-input\":{\"@type\":\"PropertyValueSpecification\",\"valueRequired\":true,\"valueName\":\"search_term_string\"}}],\"inLanguage\":\"en-US\"}]}<\/script>\n<!-- \/ Yoast SEO plugin. -->","yoast_head_json":{"title":"Staircase and balustrade in curved glass","description":"Give free rein to your imagination to create a staircase, a balustrade or a railing in curved glass, whatever your constraints","robots":{"index":"index","follow":"follow","max-snippet":"max-snippet:-1","max-image-preview":"max-image-preview:large","max-video-preview":"max-video-preview:-1"},"canonical":"https:\/\/www.tecni-bombage.com\/en\/stairs\/","og_locale":"en_US","og_type":"article","og_title":"Staircase and balustrade in curved glass","og_description":"Give free rein to your imagination to create a staircase, a balustrade or a railing in curved glass, whatever your constraints","og_url":"https:\/\/www.tecni-bombage.com\/en\/stairs\/","og_site_name":"Tecni Bombage","og_image":[{"url":"https:\/\/www.tecni-bombage.com\/wp-content\/uploads\/8961-150x150.jpg","type":"","width":"","height":""}],"twitter_card":"summary_large_image","schema":{"@context":"https:\/\/schema.org","@graph":[{"@type":"WebPage","@id":"https:\/\/www.tecni-bombage.com\/en\/stairs\/","url":"https:\/\/www.tecni-bombage.com\/en\/stairs\/","name":"Staircase and balustrade in curved glass","isPartOf":{"@id":"https:\/\/www.tecni-bombage.com\/en\/#website"},"datePublished":"2021-06-09T14:22:29+00:00","description":"Give free rein to your imagination to create a staircase, a balustrade or a railing in curved glass, whatever your constraints","breadcrumb":{"@id":"https:\/\/www.tecni-bombage.com\/en\/stairs\/#breadcrumb"},"inLanguage":"en-US","potentialAction":[{"@type":"ReadAction","target":["https:\/\/www.tecni-bombage.com\/en\/stairs\/"]}]},{"@type":"BreadcrumbList","@id":"https:\/\/www.tecni-bombage.com\/en\/stairs\/#breadcrumb","itemListElement":[{"@type":"ListItem","position":1,"name":"Accueil","item":"https:\/\/www.tecni-bombage.com\/en\/"},{"@type":"ListItem","position":2,"name":"Stairs"}]},{"@type":"WebSite","@id":"https:\/\/www.tecni-bombage.com\/en\/#website","url":"https:\/\/www.tecni-bombage.com\/en\/","name":"Tecni Bombage","description":"Le verre bomb\u00e9 est notre m\u00e9tier","potentialAction":[{"@type":"SearchAction","target":{"@type":"EntryPoint","urlTemplate":"https:\/\/www.tecni-bombage.com\/en\/?s={search_term_string}"},"query-input":{"@type":"PropertyValueSpecification","valueRequired":true,"valueName":"search_term_string"}}],"inLanguage":"en-US"}]}},"_links":{"self":[{"href":"https:\/\/www.tecni-bombage.com\/en\/wp-json\/wp\/v2\/pages\/2266","targetHints":{"allow":["GET"]}}],"collection":[{"href":"https:\/\/www.tecni-bombage.com\/en\/wp-json\/wp\/v2\/pages"}],"about":[{"href":"https:\/\/www.tecni-bombage.com\/en\/wp-json\/wp\/v2\/types\/page"}],"author":[{"embeddable":true,"href":"https:\/\/www.tecni-bombage.com\/en\/wp-json\/wp\/v2\/users\/2"}],"replies":[{"embeddable":true,"href":"https:\/\/www.tecni-bombage.com\/en\/wp-json\/wp\/v2\/comments?post=2266"}],"version-history":[{"count":0,"href":"https:\/\/www.tecni-bombage.com\/en\/wp-json\/wp\/v2\/pages\/2266\/revisions"}],"wp:attachment":[{"href":"https:\/\/www.tecni-bombage.com\/en\/wp-json\/wp\/v2\/media?parent=2266"}],"curies":[{"name":"wp","href":"https:\/\/api.w.org\/{rel}","templated":true}]}}