{"id":2270,"date":"2021-06-09T16:22:51","date_gmt":"2021-06-09T14:22:51","guid":{"rendered":"https:\/\/www.tecni-bombage.com\/cladding-and-exterior-structures\/"},"modified":"2021-06-09T16:22:51","modified_gmt":"2021-06-09T14:22:51","slug":"cladding-and-exterior-structures","status":"publish","type":"page","link":"https:\/\/www.tecni-bombage.com\/en\/cladding-and-exterior-structures\/","title":{"rendered":"Cladding and exterior structures"},"content":{"rendered":"<h3>Curved glass is nowadays used in a wide range of exterior applications<\/h3>\n<p>Discover its uses through some of our products intended for building exteriors&#8230;<\/p>\n<ul>\n<li>Roofs and roof lights, conservatories, awnings&#8230;<\/li>\n<li>Facades, windows, ballustrades<\/li>\n<li>Doors, automatic doors, barrel vaults&#8230;<\/li>\n<li>Outdoor showcases, pool fences and windows, windbreaks<\/li>\n<\/ul>\n\n\t\t<style type=\"text\/css\">\n\t\t\t#gallery-1 {\n\t\t\t\tmargin: auto;\n\t\t\t}\n\t\t\t#gallery-1 .gallery-item {\n\t\t\t\tfloat: left;\n\t\t\t\tmargin-top: 10px;\n\t\t\t\ttext-align: center;\n\t\t\t\twidth: 33%;\n\t\t\t}\n\t\t\t#gallery-1 img {\n\t\t\t\tborder: 2px solid #cfcfcf;\n\t\t\t}\n\t\t\t#gallery-1 .gallery-caption {\n\t\t\t\tmargin-left: 0;\n\t\t\t}\n\t\t\t\/* see gallery_shortcode() in wp-includes\/media.php *\/\n\t\t<\/style>\n\t\t<div id='gallery-1' class='gallery galleryid-2270 gallery-columns-3 gallery-size-thumbnail'><dl class='gallery-item'>\n\t\t\t<dt class='gallery-icon landscape'>\n\t\t\t\t<a data-rel=\"iLightbox[postimages]\" data-title=\"Tecni Bombage verre bomb\u00e9 facade\" data-caption=\"\" href='https:\/\/www.tecni-bombage.com\/wp-content\/uploads\/verre-bomb\u00e9-facade.jpg'><img decoding=\"async\" width=\"150\" height=\"150\" src=\"https:\/\/www.tecni-bombage.com\/wp-content\/uploads\/verre-bomb\u00e9-facade-150x150.jpg\" class=\"attachment-thumbnail size-thumbnail\" alt=\"\" srcset=\"https:\/\/www.tecni-bombage.com\/wp-content\/uploads\/verre-bomb\u00e9-facade-66x66.jpg 66w, https:\/\/www.tecni-bombage.com\/wp-content\/uploads\/verre-bomb\u00e9-facade-150x150.jpg 150w\" sizes=\"(max-width: 150px) 100vw, 150px\" \/><\/a>\n\t\t\t<\/dt><\/dl><dl class='gallery-item'>\n\t\t\t<dt class='gallery-icon landscape'>\n\t\t\t\t<a data-rel=\"iLightbox[postimages]\" data-title=\"TECNI-BOMBAGE &#8211; Verre isolant bomb\u00e9 &#8211; Fa\u00e7ade\" data-caption=\"\" href='https:\/\/www.tecni-bombage.com\/wp-content\/uploads\/TECNI-BOMBAGE-Verre-isolant-bomb\u00e9-Fa\u00e7ade-1.jpg'><img decoding=\"async\" width=\"150\" height=\"150\" src=\"https:\/\/www.tecni-bombage.com\/wp-content\/uploads\/TECNI-BOMBAGE-Verre-isolant-bomb\u00e9-Fa\u00e7ade-1-150x150.jpg\" class=\"attachment-thumbnail size-thumbnail\" alt=\"\" srcset=\"https:\/\/www.tecni-bombage.com\/wp-content\/uploads\/TECNI-BOMBAGE-Verre-isolant-bomb\u00e9-Fa\u00e7ade-1-66x66.jpg 66w, https:\/\/www.tecni-bombage.com\/wp-content\/uploads\/TECNI-BOMBAGE-Verre-isolant-bomb\u00e9-Fa\u00e7ade-1-150x150.jpg 150w\" sizes=\"(max-width: 150px) 100vw, 150px\" \/><\/a>\n\t\t\t<\/dt><\/dl><dl class='gallery-item'>\n\t\t\t<dt class='gallery-icon portrait'>\n\t\t\t\t<a data-rel=\"iLightbox[postimages]\" data-title=\"TECNI BOMBAGE &#8211; Vitrage isolant bomb\u00e9 &#8211; Fa\u00e7ade\" data-caption=\"\" href='https:\/\/www.tecni-bombage.com\/wp-content\/uploads\/TECNI-BOMBAGE-Vitrage-isolant-bomb\u00e9-Fa\u00e7ade-1.jpg'><img decoding=\"async\" width=\"150\" height=\"150\" src=\"https:\/\/www.tecni-bombage.com\/wp-content\/uploads\/TECNI-BOMBAGE-Vitrage-isolant-bomb\u00e9-Fa\u00e7ade-1-150x150.jpg\" class=\"attachment-thumbnail size-thumbnail\" alt=\"\" srcset=\"https:\/\/www.tecni-bombage.com\/wp-content\/uploads\/TECNI-BOMBAGE-Vitrage-isolant-bomb\u00e9-Fa\u00e7ade-1-66x66.jpg 66w, https:\/\/www.tecni-bombage.com\/wp-content\/uploads\/TECNI-BOMBAGE-Vitrage-isolant-bomb\u00e9-Fa\u00e7ade-1-150x150.jpg 150w\" sizes=\"(max-width: 150px) 100vw, 150px\" \/><\/a>\n\t\t\t<\/dt><\/dl><br style=\"clear: both\" \/><dl class='gallery-item'>\n\t\t\t<dt class='gallery-icon landscape'>\n\t\t\t\t<a data-rel=\"iLightbox[postimages]\" data-title=\"TECNI BOMBAGE &#8211; Vitrage isolant bomb\u00e9 &#8211; Fa\u00e7ade (2)\" data-caption=\"\" href='https:\/\/www.tecni-bombage.com\/wp-content\/uploads\/TECNI-BOMBAGE-Vitrage-isolant-bomb\u00e9-Fa\u00e7ade-2-1.jpg'><img decoding=\"async\" width=\"150\" height=\"150\" src=\"https:\/\/www.tecni-bombage.com\/wp-content\/uploads\/TECNI-BOMBAGE-Vitrage-isolant-bomb\u00e9-Fa\u00e7ade-2-1-150x150.jpg\" class=\"attachment-thumbnail size-thumbnail\" alt=\"\" srcset=\"https:\/\/www.tecni-bombage.com\/wp-content\/uploads\/TECNI-BOMBAGE-Vitrage-isolant-bomb\u00e9-Fa\u00e7ade-2-1-66x66.jpg 66w, https:\/\/www.tecni-bombage.com\/wp-content\/uploads\/TECNI-BOMBAGE-Vitrage-isolant-bomb\u00e9-Fa\u00e7ade-2-1-150x150.jpg 150w\" sizes=\"(max-width: 150px) 100vw, 150px\" \/><\/a>\n\t\t\t<\/dt><\/dl><dl class='gallery-item'>\n\t\t\t<dt class='gallery-icon landscape'>\n\t\t\t\t<a data-rel=\"iLightbox[postimages]\" data-title=\"TECNI-BOMBAGE Rive Sud\" data-caption=\"\" href='https:\/\/www.tecni-bombage.com\/wp-content\/uploads\/TECNI-BOMBAGE-Verre-isolant-bomb\u00e9-Fa\u00e7ade-2.jpg'><img decoding=\"async\" width=\"150\" height=\"150\" src=\"https:\/\/www.tecni-bombage.com\/wp-content\/uploads\/TECNI-BOMBAGE-Verre-isolant-bomb\u00e9-Fa\u00e7ade-2-150x150.jpg\" class=\"attachment-thumbnail size-thumbnail\" alt=\"\" srcset=\"https:\/\/www.tecni-bombage.com\/wp-content\/uploads\/TECNI-BOMBAGE-Verre-isolant-bomb\u00e9-Fa\u00e7ade-2-66x66.jpg 66w, https:\/\/www.tecni-bombage.com\/wp-content\/uploads\/TECNI-BOMBAGE-Verre-isolant-bomb\u00e9-Fa\u00e7ade-2-150x150.jpg 150w\" sizes=\"(max-width: 150px) 100vw, 150px\" \/><\/a>\n\t\t\t<\/dt><\/dl><dl class='gallery-item'>\n\t\t\t<dt class='gallery-icon landscape'>\n\t\t\t\t<a data-rel=\"iLightbox[postimages]\" data-title=\"TECNI BOMBAGE &#8211; Verre isolant bomb\u00e9 55- 8 argon &#8211; 6FE &#8211; Fa\u00e7ades (2)\" data-caption=\"\" href='https:\/\/www.tecni-bombage.com\/wp-content\/uploads\/TECNI-BOMBAGE-Verre-isolant-bomb\u00e9-55-8-argon-6FE-Fa\u00e7ades-2-1.jpg'><img decoding=\"async\" width=\"150\" height=\"150\" src=\"https:\/\/www.tecni-bombage.com\/wp-content\/uploads\/TECNI-BOMBAGE-Verre-isolant-bomb\u00e9-55-8-argon-6FE-Fa\u00e7ades-2-1-150x150.jpg\" class=\"attachment-thumbnail size-thumbnail\" alt=\"\" srcset=\"https:\/\/www.tecni-bombage.com\/wp-content\/uploads\/TECNI-BOMBAGE-Verre-isolant-bomb\u00e9-55-8-argon-6FE-Fa\u00e7ades-2-1-66x66.jpg 66w, https:\/\/www.tecni-bombage.com\/wp-content\/uploads\/TECNI-BOMBAGE-Verre-isolant-bomb\u00e9-55-8-argon-6FE-Fa\u00e7ades-2-1-150x150.jpg 150w\" sizes=\"(max-width: 150px) 100vw, 150px\" \/><\/a>\n\t\t\t<\/dt><\/dl><br style=\"clear: both\" \/><dl class='gallery-item'>\n\t\t\t<dt class='gallery-icon landscape'>\n\t\t\t\t<a data-rel=\"iLightbox[postimages]\" data-title=\"TECNI BOMBAGE &#8211; Verre isolant bomb\u00e9 55- 8 argon &#8211; 6FE &#8211; Fa\u00e7ades\" data-caption=\"\" href='https:\/\/www.tecni-bombage.com\/wp-content\/uploads\/TECNI-BOMBAGE-Verre-isolant-bomb\u00e9-55-8-argon-6FE-Fa\u00e7ades-1-e1456416553424.jpg'><img decoding=\"async\" width=\"150\" height=\"150\" src=\"https:\/\/www.tecni-bombage.com\/wp-content\/uploads\/TECNI-BOMBAGE-Verre-isolant-bomb\u00e9-55-8-argon-6FE-Fa\u00e7ades-1-e1456416553424-150x150.jpg\" class=\"attachment-thumbnail size-thumbnail\" alt=\"\" srcset=\"https:\/\/www.tecni-bombage.com\/wp-content\/uploads\/TECNI-BOMBAGE-Verre-isolant-bomb\u00e9-55-8-argon-6FE-Fa\u00e7ades-1-e1456416553424-66x66.jpg 66w, https:\/\/www.tecni-bombage.com\/wp-content\/uploads\/TECNI-BOMBAGE-Verre-isolant-bomb\u00e9-55-8-argon-6FE-Fa\u00e7ades-1-e1456416553424-150x150.jpg 150w\" sizes=\"(max-width: 150px) 100vw, 150px\" \/><\/a>\n\t\t\t<\/dt><\/dl><dl class='gallery-item'>\n\t\t\t<dt class='gallery-icon landscape'>\n\t\t\t\t<a data-rel=\"iLightbox[postimages]\" data-title=\"TECNI BOMBAGE &#8211; Verre bomb\u00e9 &#8211; Verri\u00e8res (3)\" data-caption=\"\" href='https:\/\/www.tecni-bombage.com\/wp-content\/uploads\/TECNI-BOMBAGE-Verre-bomb\u00e9-Verri\u00e8res-3-e1456400639698.jpg'><img decoding=\"async\" width=\"150\" height=\"150\" src=\"https:\/\/www.tecni-bombage.com\/wp-content\/uploads\/TECNI-BOMBAGE-Verre-bomb\u00e9-Verri\u00e8res-3-e1456400639698-150x150.jpg\" class=\"attachment-thumbnail size-thumbnail\" alt=\"\" srcset=\"https:\/\/www.tecni-bombage.com\/wp-content\/uploads\/TECNI-BOMBAGE-Verre-bomb\u00e9-Verri\u00e8res-3-e1456400639698-66x66.jpg 66w, https:\/\/www.tecni-bombage.com\/wp-content\/uploads\/TECNI-BOMBAGE-Verre-bomb\u00e9-Verri\u00e8res-3-e1456400639698-150x150.jpg 150w\" sizes=\"(max-width: 150px) 100vw, 150px\" \/><\/a>\n\t\t\t<\/dt><\/dl><dl class='gallery-item'>\n\t\t\t<dt class='gallery-icon landscape'>\n\t\t\t\t<a data-rel=\"iLightbox[postimages]\" data-title=\"TECNI BOMBAGE &#8211; Verre bomb\u00e9 &#8211; Verri\u00e8res (2)\" data-caption=\"\" href='https:\/\/www.tecni-bombage.com\/wp-content\/uploads\/TECNI-BOMBAGE-Verre-bomb\u00e9-Verri\u00e8res-2-e1456400462312.jpg'><img decoding=\"async\" width=\"150\" height=\"150\" src=\"https:\/\/www.tecni-bombage.com\/wp-content\/uploads\/TECNI-BOMBAGE-Verre-bomb\u00e9-Verri\u00e8res-2-e1456400462312-150x150.jpg\" class=\"attachment-thumbnail size-thumbnail\" alt=\"\" srcset=\"https:\/\/www.tecni-bombage.com\/wp-content\/uploads\/TECNI-BOMBAGE-Verre-bomb\u00e9-Verri\u00e8res-2-e1456400462312-66x66.jpg 66w, https:\/\/www.tecni-bombage.com\/wp-content\/uploads\/TECNI-BOMBAGE-Verre-bomb\u00e9-Verri\u00e8res-2-e1456400462312-150x150.jpg 150w\" sizes=\"(max-width: 150px) 100vw, 150px\" \/><\/a>\n\t\t\t<\/dt><\/dl><br style=\"clear: both\" \/><dl class='gallery-item'>\n\t\t\t<dt class='gallery-icon landscape'>\n\t\t\t\t<a data-rel=\"iLightbox[postimages]\" data-title=\"TECNI BOMBAGE &#8211; Verre bomb\u00e9 &#8211; Verri\u00e8res\" data-caption=\"\" href='https:\/\/www.tecni-bombage.com\/wp-content\/uploads\/TECNI-BOMBAGE-Verre-bomb\u00e9-Verri\u00e8res.jpg'><img decoding=\"async\" width=\"150\" height=\"150\" src=\"https:\/\/www.tecni-bombage.com\/wp-content\/uploads\/TECNI-BOMBAGE-Verre-bomb\u00e9-Verri\u00e8res-150x150.jpg\" class=\"attachment-thumbnail size-thumbnail\" alt=\"\" srcset=\"https:\/\/www.tecni-bombage.com\/wp-content\/uploads\/TECNI-BOMBAGE-Verre-bomb\u00e9-Verri\u00e8res-66x66.jpg 66w, https:\/\/www.tecni-bombage.com\/wp-content\/uploads\/TECNI-BOMBAGE-Verre-bomb\u00e9-Verri\u00e8res-150x150.jpg 150w\" sizes=\"(max-width: 150px) 100vw, 150px\" \/><\/a>\n\t\t\t<\/dt><\/dl><dl class='gallery-item'>\n\t\t\t<dt class='gallery-icon landscape'>\n\t\t\t\t<a data-rel=\"iLightbox[postimages]\" data-title=\"TECNI BOMBAGE &#8211; Verre isolant bomb\u00e9 8 mm clair  &#8211; 14 arg. &#8211; Feuillet\u00e9 64FE &#8211; Fa\u00e7ades (2)\" data-caption=\"\" href='https:\/\/www.tecni-bombage.com\/wp-content\/uploads\/TECNI-BOMBAGE-Verre-isolant-bomb\u00e9-8-mm-clair-14-arg.-Feuillet\u00e9-64FE-Fa\u00e7ades-2-1.jpg'><img decoding=\"async\" width=\"150\" height=\"150\" src=\"https:\/\/www.tecni-bombage.com\/wp-content\/uploads\/TECNI-BOMBAGE-Verre-isolant-bomb\u00e9-8-mm-clair-14-arg.-Feuillet\u00e9-64FE-Fa\u00e7ades-2-1-150x150.jpg\" class=\"attachment-thumbnail size-thumbnail\" alt=\"\" srcset=\"https:\/\/www.tecni-bombage.com\/wp-content\/uploads\/TECNI-BOMBAGE-Verre-isolant-bomb\u00e9-8-mm-clair-14-arg.-Feuillet\u00e9-64FE-Fa\u00e7ades-2-1-66x66.jpg 66w, https:\/\/www.tecni-bombage.com\/wp-content\/uploads\/TECNI-BOMBAGE-Verre-isolant-bomb\u00e9-8-mm-clair-14-arg.-Feuillet\u00e9-64FE-Fa\u00e7ades-2-1-150x150.jpg 150w\" sizes=\"(max-width: 150px) 100vw, 150px\" \/><\/a>\n\t\t\t<\/dt><\/dl><dl class='gallery-item'>\n\t\t\t<dt class='gallery-icon portrait'>\n\t\t\t\t<a data-rel=\"iLightbox[postimages]\" data-title=\"Tecni Bombage Verre bomb\u00e9 fen\u00eatre thareaut\" data-caption=\"\" href='https:\/\/www.tecni-bombage.com\/wp-content\/uploads\/thareaut.png'><img decoding=\"async\" width=\"150\" height=\"150\" src=\"https:\/\/www.tecni-bombage.com\/wp-content\/uploads\/thareaut-150x150.png\" class=\"attachment-thumbnail size-thumbnail\" alt=\"\" srcset=\"https:\/\/www.tecni-bombage.com\/wp-content\/uploads\/thareaut-66x66.png 66w, https:\/\/www.tecni-bombage.com\/wp-content\/uploads\/thareaut-150x150.png 150w\" sizes=\"(max-width: 150px) 100vw, 150px\" \/><\/a>\n\t\t\t<\/dt><\/dl><br style=\"clear: both\" \/>\n\t\t<\/div>\n\n<p>Contact us to tell us about your projects and we will adapt ourselves to all your bespoke curved glass creations: <a href=\"https:\/\/www.tecni-bombage.com\/en\/contact-us\/\">CONTACT US<\/a><\/p>\n","protected":false},"excerpt":{"rendered":"<p>Curved glass is nowadays used in a wide range of exterior applications Discover its uses through some of our products [&hellip;]<\/p>\n","protected":false},"author":2,"featured_media":0,"parent":0,"menu_order":0,"comment_status":"closed","ping_status":"closed","template":"","meta":{"footnotes":""},"class_list":["post-2270","page","type-page","status-publish","hentry"],"yoast_head":"<!-- This site is optimized with the Yoast SEO plugin v27.4 - https:\/\/yoast.com\/product\/yoast-seo-wordpress\/ -->\n<title>Curved glass for cladding<\/title>\n<meta name=\"description\" content=\"Today, curved glass is used in many cladding and exterior structure applications: facades, roofs, windows, doors, shop windows\u2026\" \/>\n<meta name=\"robots\" content=\"index, follow, max-snippet:-1, max-image-preview:large, max-video-preview:-1\" \/>\n<link rel=\"canonical\" href=\"https:\/\/www.tecni-bombage.com\/en\/cladding-and-exterior-structures\/\" \/>\n<meta property=\"og:locale\" content=\"en_US\" \/>\n<meta property=\"og:type\" content=\"article\" \/>\n<meta property=\"og:title\" content=\"Curved glass for cladding\" \/>\n<meta property=\"og:description\" content=\"Today, curved glass is used in many cladding and exterior structure applications: facades, roofs, windows, doors, shop windows\u2026\" \/>\n<meta property=\"og:url\" content=\"https:\/\/www.tecni-bombage.com\/en\/cladding-and-exterior-structures\/\" \/>\n<meta property=\"og:site_name\" content=\"Tecni Bombage\" \/>\n<meta property=\"og:image\" content=\"https:\/\/www.tecni-bombage.com\/wp-content\/uploads\/verre-bomb\u00e9-facade-150x150.jpg\" \/>\n<meta name=\"twitter:card\" content=\"summary_large_image\" \/>\n<script type=\"application\/ld+json\" class=\"yoast-schema-graph\">{\"@context\":\"https:\\\/\\\/schema.org\",\"@graph\":[{\"@type\":\"WebPage\",\"@id\":\"https:\\\/\\\/www.tecni-bombage.com\\\/en\\\/cladding-and-exterior-structures\\\/\",\"url\":\"https:\\\/\\\/www.tecni-bombage.com\\\/en\\\/cladding-and-exterior-structures\\\/\",\"name\":\"Curved glass for cladding\",\"isPartOf\":{\"@id\":\"https:\\\/\\\/www.tecni-bombage.com\\\/en\\\/#website\"},\"datePublished\":\"2021-06-09T14:22:51+00:00\",\"description\":\"Today, curved glass is used in many cladding and exterior structure applications: facades, roofs, windows, doors, shop windows\u2026\",\"breadcrumb\":{\"@id\":\"https:\\\/\\\/www.tecni-bombage.com\\\/en\\\/cladding-and-exterior-structures\\\/#breadcrumb\"},\"inLanguage\":\"en-US\",\"potentialAction\":[{\"@type\":\"ReadAction\",\"target\":[\"https:\\\/\\\/www.tecni-bombage.com\\\/en\\\/cladding-and-exterior-structures\\\/\"]}]},{\"@type\":\"BreadcrumbList\",\"@id\":\"https:\\\/\\\/www.tecni-bombage.com\\\/en\\\/cladding-and-exterior-structures\\\/#breadcrumb\",\"itemListElement\":[{\"@type\":\"ListItem\",\"position\":1,\"name\":\"Accueil\",\"item\":\"https:\\\/\\\/www.tecni-bombage.com\\\/en\\\/\"},{\"@type\":\"ListItem\",\"position\":2,\"name\":\"Cladding and exterior structures\"}]},{\"@type\":\"WebSite\",\"@id\":\"https:\\\/\\\/www.tecni-bombage.com\\\/en\\\/#website\",\"url\":\"https:\\\/\\\/www.tecni-bombage.com\\\/en\\\/\",\"name\":\"Tecni Bombage\",\"description\":\"Le verre bomb\u00e9 est notre m\u00e9tier\",\"potentialAction\":[{\"@type\":\"SearchAction\",\"target\":{\"@type\":\"EntryPoint\",\"urlTemplate\":\"https:\\\/\\\/www.tecni-bombage.com\\\/en\\\/?s={search_term_string}\"},\"query-input\":{\"@type\":\"PropertyValueSpecification\",\"valueRequired\":true,\"valueName\":\"search_term_string\"}}],\"inLanguage\":\"en-US\"}]}<\/script>\n<!-- \/ Yoast SEO plugin. -->","yoast_head_json":{"title":"Curved glass for cladding","description":"Today, curved glass is used in many cladding and exterior structure applications: facades, roofs, windows, doors, shop windows\u2026","robots":{"index":"index","follow":"follow","max-snippet":"max-snippet:-1","max-image-preview":"max-image-preview:large","max-video-preview":"max-video-preview:-1"},"canonical":"https:\/\/www.tecni-bombage.com\/en\/cladding-and-exterior-structures\/","og_locale":"en_US","og_type":"article","og_title":"Curved glass for cladding","og_description":"Today, curved glass is used in many cladding and exterior structure applications: facades, roofs, windows, doors, shop windows\u2026","og_url":"https:\/\/www.tecni-bombage.com\/en\/cladding-and-exterior-structures\/","og_site_name":"Tecni Bombage","og_image":[{"url":"https:\/\/www.tecni-bombage.com\/wp-content\/uploads\/verre-bomb\u00e9-facade-150x150.jpg","type":"","width":"","height":""}],"twitter_card":"summary_large_image","schema":{"@context":"https:\/\/schema.org","@graph":[{"@type":"WebPage","@id":"https:\/\/www.tecni-bombage.com\/en\/cladding-and-exterior-structures\/","url":"https:\/\/www.tecni-bombage.com\/en\/cladding-and-exterior-structures\/","name":"Curved glass for cladding","isPartOf":{"@id":"https:\/\/www.tecni-bombage.com\/en\/#website"},"datePublished":"2021-06-09T14:22:51+00:00","description":"Today, curved glass is used in many cladding and exterior structure applications: facades, roofs, windows, doors, shop windows\u2026","breadcrumb":{"@id":"https:\/\/www.tecni-bombage.com\/en\/cladding-and-exterior-structures\/#breadcrumb"},"inLanguage":"en-US","potentialAction":[{"@type":"ReadAction","target":["https:\/\/www.tecni-bombage.com\/en\/cladding-and-exterior-structures\/"]}]},{"@type":"BreadcrumbList","@id":"https:\/\/www.tecni-bombage.com\/en\/cladding-and-exterior-structures\/#breadcrumb","itemListElement":[{"@type":"ListItem","position":1,"name":"Accueil","item":"https:\/\/www.tecni-bombage.com\/en\/"},{"@type":"ListItem","position":2,"name":"Cladding and exterior structures"}]},{"@type":"WebSite","@id":"https:\/\/www.tecni-bombage.com\/en\/#website","url":"https:\/\/www.tecni-bombage.com\/en\/","name":"Tecni Bombage","description":"Le verre bomb\u00e9 est notre m\u00e9tier","potentialAction":[{"@type":"SearchAction","target":{"@type":"EntryPoint","urlTemplate":"https:\/\/www.tecni-bombage.com\/en\/?s={search_term_string}"},"query-input":{"@type":"PropertyValueSpecification","valueRequired":true,"valueName":"search_term_string"}}],"inLanguage":"en-US"}]}},"_links":{"self":[{"href":"https:\/\/www.tecni-bombage.com\/en\/wp-json\/wp\/v2\/pages\/2270","targetHints":{"allow":["GET"]}}],"collection":[{"href":"https:\/\/www.tecni-bombage.com\/en\/wp-json\/wp\/v2\/pages"}],"about":[{"href":"https:\/\/www.tecni-bombage.com\/en\/wp-json\/wp\/v2\/types\/page"}],"author":[{"embeddable":true,"href":"https:\/\/www.tecni-bombage.com\/en\/wp-json\/wp\/v2\/users\/2"}],"replies":[{"embeddable":true,"href":"https:\/\/www.tecni-bombage.com\/en\/wp-json\/wp\/v2\/comments?post=2270"}],"version-history":[{"count":0,"href":"https:\/\/www.tecni-bombage.com\/en\/wp-json\/wp\/v2\/pages\/2270\/revisions"}],"wp:attachment":[{"href":"https:\/\/www.tecni-bombage.com\/en\/wp-json\/wp\/v2\/media?parent=2270"}],"curies":[{"name":"wp","href":"https:\/\/api.w.org\/{rel}","templated":true}]}}