{"id":2271,"date":"2021-06-09T16:23:04","date_gmt":"2021-06-09T14:23:04","guid":{"rendered":"https:\/\/www.tecni-bombage.com\/fitting-and-decoration\/"},"modified":"2021-06-09T21:45:38","modified_gmt":"2021-06-09T19:45:38","slug":"fitting-and-decoration","status":"publish","type":"page","link":"https:\/\/www.tecni-bombage.com\/en\/fitting-and-decoration\/","title":{"rendered":"Fitting and decoration"},"content":{"rendered":"<h3>For fitting out and decoration: with curved glass, give free rein to your creativity and imagination.<\/h3>\n<p>Curved glass can be used in a wide range of interior design and decoration applications.<\/p>\n<ul>\n<li>Decorative elements, reception desks, furniture, shelves, mirrors, credenzas, lighting, shop fittings, wall cladding<\/li>\n<li>Cloches and showcases for jewelers or museums<\/li>\n<li>Decorated, coloured or laminated glass with inclusions of other materials&#8230;<\/li>\n<\/ul>\n\n\t\t<style type=\"text\/css\">\n\t\t\t#gallery-1 {\n\t\t\t\tmargin: auto;\n\t\t\t}\n\t\t\t#gallery-1 .gallery-item {\n\t\t\t\tfloat: left;\n\t\t\t\tmargin-top: 10px;\n\t\t\t\ttext-align: center;\n\t\t\t\twidth: 33%;\n\t\t\t}\n\t\t\t#gallery-1 img {\n\t\t\t\tborder: 2px solid #cfcfcf;\n\t\t\t}\n\t\t\t#gallery-1 .gallery-caption {\n\t\t\t\tmargin-left: 0;\n\t\t\t}\n\t\t\t\/* see gallery_shortcode() in wp-includes\/media.php *\/\n\t\t<\/style>\n\t\t<div id='gallery-1' class='gallery galleryid-2271 gallery-columns-3 gallery-size-thumbnail'><dl class='gallery-item'>\n\t\t\t<dt class='gallery-icon portrait'>\n\t\t\t\t<a data-rel=\"iLightbox[postimages]\" data-title=\"TECNI BOMBAGE &#8211; Feuillet\u00e9 bomb\u00e9 10.10 extra blanc avec insertion film d\u00e9co &#8211; Agencement int\u00e9rieur\" data-caption=\"\" href='https:\/\/www.tecni-bombage.com\/wp-content\/uploads\/TECNI-BOMBAGE-Feuillet\u00e9-bomb\u00e9-10.10-extra-blanc-avec-insertion-film-d\u00e9co-Agencement-int\u00e9rieur-e1456400590390.jpg'><img decoding=\"async\" width=\"150\" height=\"150\" src=\"https:\/\/www.tecni-bombage.com\/wp-content\/uploads\/TECNI-BOMBAGE-Feuillet\u00e9-bomb\u00e9-10.10-extra-blanc-avec-insertion-film-d\u00e9co-Agencement-int\u00e9rieur-e1456400590390-150x150.jpg\" class=\"attachment-thumbnail size-thumbnail\" alt=\"am\u00e9nagement int\u00e9rieur\" srcset=\"https:\/\/www.tecni-bombage.com\/wp-content\/uploads\/TECNI-BOMBAGE-Feuillet\u00e9-bomb\u00e9-10.10-extra-blanc-avec-insertion-film-d\u00e9co-Agencement-int\u00e9rieur-e1456400590390-66x66.jpg 66w, https:\/\/www.tecni-bombage.com\/wp-content\/uploads\/TECNI-BOMBAGE-Feuillet\u00e9-bomb\u00e9-10.10-extra-blanc-avec-insertion-film-d\u00e9co-Agencement-int\u00e9rieur-e1456400590390-150x150.jpg 150w\" sizes=\"(max-width: 150px) 100vw, 150px\" \/><\/a>\n\t\t\t<\/dt><\/dl><dl class='gallery-item'>\n\t\t\t<dt class='gallery-icon portrait'>\n\t\t\t\t<a data-rel=\"iLightbox[postimages]\" data-title=\"TECNI BOMBAGE &#8211; Verre bomb\u00e9 &#8211; Mobilier (2)\" data-caption=\"\" href='https:\/\/www.tecni-bombage.com\/wp-content\/uploads\/TECNI-BOMBAGE-Verre-bomb\u00e9-Mobilier-2.jpg'><img decoding=\"async\" width=\"150\" height=\"150\" src=\"https:\/\/www.tecni-bombage.com\/wp-content\/uploads\/TECNI-BOMBAGE-Verre-bomb\u00e9-Mobilier-2-150x150.jpg\" class=\"attachment-thumbnail size-thumbnail\" alt=\"agencement et d\u00e9coration\" srcset=\"https:\/\/www.tecni-bombage.com\/wp-content\/uploads\/TECNI-BOMBAGE-Verre-bomb\u00e9-Mobilier-2-66x66.jpg 66w, https:\/\/www.tecni-bombage.com\/wp-content\/uploads\/TECNI-BOMBAGE-Verre-bomb\u00e9-Mobilier-2-150x150.jpg 150w\" sizes=\"(max-width: 150px) 100vw, 150px\" \/><\/a>\n\t\t\t<\/dt><\/dl><dl class='gallery-item'>\n\t\t\t<dt class='gallery-icon landscape'>\n\t\t\t\t<a data-rel=\"iLightbox[postimages]\" data-title=\"TECNI BOMBAGE &#8211; Verre bomb\u00e9 de banque r\u00e9frig\u00e9r\u00e9e\" data-caption=\"\" href='https:\/\/www.tecni-bombage.com\/wp-content\/uploads\/TECNI-BOMBAGE-Verre-bomb\u00e9-de-banque-r\u00e9frig\u00e9r\u00e9e.jpg'><img decoding=\"async\" width=\"150\" height=\"150\" src=\"https:\/\/www.tecni-bombage.com\/wp-content\/uploads\/TECNI-BOMBAGE-Verre-bomb\u00e9-de-banque-r\u00e9frig\u00e9r\u00e9e-150x150.jpg\" class=\"attachment-thumbnail size-thumbnail\" alt=\"agencement et d\u00e9coration\" srcset=\"https:\/\/www.tecni-bombage.com\/wp-content\/uploads\/TECNI-BOMBAGE-Verre-bomb\u00e9-de-banque-r\u00e9frig\u00e9r\u00e9e-66x66.jpg 66w, https:\/\/www.tecni-bombage.com\/wp-content\/uploads\/TECNI-BOMBAGE-Verre-bomb\u00e9-de-banque-r\u00e9frig\u00e9r\u00e9e-150x150.jpg 150w\" sizes=\"(max-width: 150px) 100vw, 150px\" \/><\/a>\n\t\t\t<\/dt><\/dl><br style=\"clear: both\" \/><dl class='gallery-item'>\n\t\t\t<dt class='gallery-icon landscape'>\n\t\t\t\t<a data-rel=\"iLightbox[postimages]\" data-title=\"TECNI BOMBAGE &#8211; Judice Lagoutte\" data-caption=\"\" href='https:\/\/www.tecni-bombage.com\/wp-content\/uploads\/TECNI-BOMBAGE-Verre-bomb\u00e9-44.6-extra-blanc-r\u00e9sine-3-mm-P5A-Agencement.jpg'><img decoding=\"async\" width=\"150\" height=\"150\" src=\"https:\/\/www.tecni-bombage.com\/wp-content\/uploads\/TECNI-BOMBAGE-Verre-bomb\u00e9-44.6-extra-blanc-r\u00e9sine-3-mm-P5A-Agencement-150x150.jpg\" class=\"attachment-thumbnail size-thumbnail\" alt=\"agencement et d\u00e9coration\" srcset=\"https:\/\/www.tecni-bombage.com\/wp-content\/uploads\/TECNI-BOMBAGE-Verre-bomb\u00e9-44.6-extra-blanc-r\u00e9sine-3-mm-P5A-Agencement-66x66.jpg 66w, https:\/\/www.tecni-bombage.com\/wp-content\/uploads\/TECNI-BOMBAGE-Verre-bomb\u00e9-44.6-extra-blanc-r\u00e9sine-3-mm-P5A-Agencement-150x150.jpg 150w\" sizes=\"(max-width: 150px) 100vw, 150px\" \/><\/a>\n\t\t\t<\/dt><\/dl><dl class='gallery-item'>\n\t\t\t<dt class='gallery-icon portrait'>\n\t\t\t\t<a data-rel=\"iLightbox[postimages]\" data-title=\"TECNI BOMBAGE &#8211; Verre bomb\u00e9 &#8211; Lanternes\" data-caption=\"\" href='https:\/\/www.tecni-bombage.com\/wp-content\/uploads\/TECNI-BOMBAGE-Verre-bomb\u00e9-Lanternes-1-e1464791083487.jpg'><img decoding=\"async\" width=\"150\" height=\"150\" src=\"https:\/\/www.tecni-bombage.com\/wp-content\/uploads\/TECNI-BOMBAGE-Verre-bomb\u00e9-Lanternes-1-e1464791083487-150x150.jpg\" class=\"attachment-thumbnail size-thumbnail\" alt=\"agencement et d\u00e9coration\" srcset=\"https:\/\/www.tecni-bombage.com\/wp-content\/uploads\/TECNI-BOMBAGE-Verre-bomb\u00e9-Lanternes-1-e1464791083487-66x66.jpg 66w, https:\/\/www.tecni-bombage.com\/wp-content\/uploads\/TECNI-BOMBAGE-Verre-bomb\u00e9-Lanternes-1-e1464791083487-150x150.jpg 150w\" sizes=\"(max-width: 150px) 100vw, 150px\" \/><\/a>\n\t\t\t<\/dt><\/dl><dl class='gallery-item'>\n\t\t\t<dt class='gallery-icon portrait'>\n\t\t\t\t<a data-rel=\"iLightbox[postimages]\" data-title=\"TECNI BOMBAGE &#8211; Verre feuillet\u00e9 bomb\u00e9 88 r\u00e9sine 1.5 mm &#8211; Vitrines (2)\" data-caption=\"\" href='https:\/\/www.tecni-bombage.com\/wp-content\/uploads\/TECNI-BOMBAGE-Verre-feuillet\u00e9-bomb\u00e9-88-r\u00e9sine-1.5-mm-Vitrines-2.jpg'><img decoding=\"async\" width=\"150\" height=\"150\" src=\"https:\/\/www.tecni-bombage.com\/wp-content\/uploads\/TECNI-BOMBAGE-Verre-feuillet\u00e9-bomb\u00e9-88-r\u00e9sine-1.5-mm-Vitrines-2-150x150.jpg\" class=\"attachment-thumbnail size-thumbnail\" alt=\"agencement et d\u00e9coration\" srcset=\"https:\/\/www.tecni-bombage.com\/wp-content\/uploads\/TECNI-BOMBAGE-Verre-feuillet\u00e9-bomb\u00e9-88-r\u00e9sine-1.5-mm-Vitrines-2-66x66.jpg 66w, https:\/\/www.tecni-bombage.com\/wp-content\/uploads\/TECNI-BOMBAGE-Verre-feuillet\u00e9-bomb\u00e9-88-r\u00e9sine-1.5-mm-Vitrines-2-150x150.jpg 150w\" sizes=\"(max-width: 150px) 100vw, 150px\" \/><\/a>\n\t\t\t<\/dt><\/dl><br style=\"clear: both\" \/>\n\t\t<\/div>\n\n<p>Contact us to tell us about your projects and we will adapt ourselves to all your bespoke curved glass creations: <a href=\"https:\/\/www.tecni-bombage.com\/en\/contact-us\/\">CONTACT US<\/a><\/p>\n<p>&nbsp;<\/p>\n","protected":false},"excerpt":{"rendered":"<p>For fitting out and decoration: with curved glass, give free rein to your creativity and imagination. Curved glass can be [&hellip;]<\/p>\n","protected":false},"author":2,"featured_media":0,"parent":0,"menu_order":0,"comment_status":"closed","ping_status":"closed","template":"","meta":{"footnotes":""},"class_list":["post-2271","page","type-page","status-publish","hentry"],"yoast_head":"<!-- This site is optimized with the Yoast SEO plugin v27.4 - https:\/\/yoast.com\/product\/yoast-seo-wordpress\/ -->\n<title>Curved glass in interior design and decoration<\/title>\n<meta name=\"description\" content=\"Tecni Bombage offers a wide range of curved glass products to integrate into your fitting out and decoration project\" \/>\n<meta name=\"robots\" content=\"index, follow, max-snippet:-1, max-image-preview:large, max-video-preview:-1\" \/>\n<link rel=\"canonical\" href=\"https:\/\/www.tecni-bombage.com\/en\/fitting-and-decoration\/\" \/>\n<meta property=\"og:locale\" content=\"en_US\" \/>\n<meta property=\"og:type\" content=\"article\" \/>\n<meta property=\"og:title\" content=\"Curved glass in interior design and decoration\" \/>\n<meta property=\"og:description\" content=\"Tecni Bombage offers a wide range of curved glass products to integrate into your fitting out and decoration project\" \/>\n<meta property=\"og:url\" content=\"https:\/\/www.tecni-bombage.com\/en\/fitting-and-decoration\/\" \/>\n<meta property=\"og:site_name\" content=\"Tecni Bombage\" \/>\n<meta property=\"article:modified_time\" content=\"2021-06-09T19:45:38+00:00\" \/>\n<meta property=\"og:image\" content=\"https:\/\/www.tecni-bombage.com\/wp-content\/uploads\/TECNI-BOMBAGE-Feuillet\u00e9-bomb\u00e9-10.10-extra-blanc-avec-insertion-film-d\u00e9co-Agencement-int\u00e9rieur-e1456400590390-150x150.jpg\" \/>\n<meta name=\"twitter:card\" content=\"summary_large_image\" \/>\n<script type=\"application\/ld+json\" class=\"yoast-schema-graph\">{\"@context\":\"https:\\\/\\\/schema.org\",\"@graph\":[{\"@type\":\"WebPage\",\"@id\":\"https:\\\/\\\/www.tecni-bombage.com\\\/en\\\/fitting-and-decoration\\\/\",\"url\":\"https:\\\/\\\/www.tecni-bombage.com\\\/en\\\/fitting-and-decoration\\\/\",\"name\":\"Curved glass in interior design and decoration\",\"isPartOf\":{\"@id\":\"https:\\\/\\\/www.tecni-bombage.com\\\/en\\\/#website\"},\"datePublished\":\"2021-06-09T14:23:04+00:00\",\"dateModified\":\"2021-06-09T19:45:38+00:00\",\"description\":\"Tecni Bombage offers a wide range of curved glass products to integrate into your fitting out and decoration project\",\"breadcrumb\":{\"@id\":\"https:\\\/\\\/www.tecni-bombage.com\\\/en\\\/fitting-and-decoration\\\/#breadcrumb\"},\"inLanguage\":\"en-US\",\"potentialAction\":[{\"@type\":\"ReadAction\",\"target\":[\"https:\\\/\\\/www.tecni-bombage.com\\\/en\\\/fitting-and-decoration\\\/\"]}]},{\"@type\":\"BreadcrumbList\",\"@id\":\"https:\\\/\\\/www.tecni-bombage.com\\\/en\\\/fitting-and-decoration\\\/#breadcrumb\",\"itemListElement\":[{\"@type\":\"ListItem\",\"position\":1,\"name\":\"Accueil\",\"item\":\"https:\\\/\\\/www.tecni-bombage.com\\\/en\\\/\"},{\"@type\":\"ListItem\",\"position\":2,\"name\":\"Fitting and decoration\"}]},{\"@type\":\"WebSite\",\"@id\":\"https:\\\/\\\/www.tecni-bombage.com\\\/en\\\/#website\",\"url\":\"https:\\\/\\\/www.tecni-bombage.com\\\/en\\\/\",\"name\":\"Tecni Bombage\",\"description\":\"Le verre bomb\u00e9 est notre m\u00e9tier\",\"potentialAction\":[{\"@type\":\"SearchAction\",\"target\":{\"@type\":\"EntryPoint\",\"urlTemplate\":\"https:\\\/\\\/www.tecni-bombage.com\\\/en\\\/?s={search_term_string}\"},\"query-input\":{\"@type\":\"PropertyValueSpecification\",\"valueRequired\":true,\"valueName\":\"search_term_string\"}}],\"inLanguage\":\"en-US\"}]}<\/script>\n<!-- \/ Yoast SEO plugin. -->","yoast_head_json":{"title":"Curved glass in interior design and decoration","description":"Tecni Bombage offers a wide range of curved glass products to integrate into your fitting out and decoration project","robots":{"index":"index","follow":"follow","max-snippet":"max-snippet:-1","max-image-preview":"max-image-preview:large","max-video-preview":"max-video-preview:-1"},"canonical":"https:\/\/www.tecni-bombage.com\/en\/fitting-and-decoration\/","og_locale":"en_US","og_type":"article","og_title":"Curved glass in interior design and decoration","og_description":"Tecni Bombage offers a wide range of curved glass products to integrate into your fitting out and decoration project","og_url":"https:\/\/www.tecni-bombage.com\/en\/fitting-and-decoration\/","og_site_name":"Tecni Bombage","article_modified_time":"2021-06-09T19:45:38+00:00","og_image":[{"url":"https:\/\/www.tecni-bombage.com\/wp-content\/uploads\/TECNI-BOMBAGE-Feuillet\u00e9-bomb\u00e9-10.10-extra-blanc-avec-insertion-film-d\u00e9co-Agencement-int\u00e9rieur-e1456400590390-150x150.jpg","type":"","width":"","height":""}],"twitter_card":"summary_large_image","schema":{"@context":"https:\/\/schema.org","@graph":[{"@type":"WebPage","@id":"https:\/\/www.tecni-bombage.com\/en\/fitting-and-decoration\/","url":"https:\/\/www.tecni-bombage.com\/en\/fitting-and-decoration\/","name":"Curved glass in interior design and decoration","isPartOf":{"@id":"https:\/\/www.tecni-bombage.com\/en\/#website"},"datePublished":"2021-06-09T14:23:04+00:00","dateModified":"2021-06-09T19:45:38+00:00","description":"Tecni Bombage offers a wide range of curved glass products to integrate into your fitting out and decoration project","breadcrumb":{"@id":"https:\/\/www.tecni-bombage.com\/en\/fitting-and-decoration\/#breadcrumb"},"inLanguage":"en-US","potentialAction":[{"@type":"ReadAction","target":["https:\/\/www.tecni-bombage.com\/en\/fitting-and-decoration\/"]}]},{"@type":"BreadcrumbList","@id":"https:\/\/www.tecni-bombage.com\/en\/fitting-and-decoration\/#breadcrumb","itemListElement":[{"@type":"ListItem","position":1,"name":"Accueil","item":"https:\/\/www.tecni-bombage.com\/en\/"},{"@type":"ListItem","position":2,"name":"Fitting and decoration"}]},{"@type":"WebSite","@id":"https:\/\/www.tecni-bombage.com\/en\/#website","url":"https:\/\/www.tecni-bombage.com\/en\/","name":"Tecni Bombage","description":"Le verre bomb\u00e9 est notre m\u00e9tier","potentialAction":[{"@type":"SearchAction","target":{"@type":"EntryPoint","urlTemplate":"https:\/\/www.tecni-bombage.com\/en\/?s={search_term_string}"},"query-input":{"@type":"PropertyValueSpecification","valueRequired":true,"valueName":"search_term_string"}}],"inLanguage":"en-US"}]}},"_links":{"self":[{"href":"https:\/\/www.tecni-bombage.com\/en\/wp-json\/wp\/v2\/pages\/2271","targetHints":{"allow":["GET"]}}],"collection":[{"href":"https:\/\/www.tecni-bombage.com\/en\/wp-json\/wp\/v2\/pages"}],"about":[{"href":"https:\/\/www.tecni-bombage.com\/en\/wp-json\/wp\/v2\/types\/page"}],"author":[{"embeddable":true,"href":"https:\/\/www.tecni-bombage.com\/en\/wp-json\/wp\/v2\/users\/2"}],"replies":[{"embeddable":true,"href":"https:\/\/www.tecni-bombage.com\/en\/wp-json\/wp\/v2\/comments?post=2271"}],"version-history":[{"count":2,"href":"https:\/\/www.tecni-bombage.com\/en\/wp-json\/wp\/v2\/pages\/2271\/revisions"}],"predecessor-version":[{"id":2348,"href":"https:\/\/www.tecni-bombage.com\/en\/wp-json\/wp\/v2\/pages\/2271\/revisions\/2348"}],"wp:attachment":[{"href":"https:\/\/www.tecni-bombage.com\/en\/wp-json\/wp\/v2\/media?parent=2271"}],"curies":[{"name":"wp","href":"https:\/\/api.w.org\/{rel}","templated":true}]}}