{"id":2272,"date":"2021-06-09T16:23:11","date_gmt":"2021-06-09T14:23:11","guid":{"rendered":"https:\/\/www.tecni-bombage.com\/interior-design\/"},"modified":"2021-06-09T16:23:11","modified_gmt":"2021-06-09T14:23:11","slug":"interior-design","status":"publish","type":"page","link":"https:\/\/www.tecni-bombage.com\/en\/interior-design\/","title":{"rendered":"Interior design"},"content":{"rendered":"<h3>Curved glass allows for an exceptionally wide range of creative interior design solutions.<\/h3>\n<p>It can be integrated into a large variety of interior design projects, including the installation of offices, shops, professional premises, residential projects, etc.<\/p>\n<ul>\n<li>Partitioning, interior doors, enclosure screens, fire proof products&#8230;<\/li>\n<li>Shower screens, bathroom equipment,<\/li>\n<li>Coloured, insulating and laminated glass&#8230;<\/li>\n<\/ul>\n\n\t\t<style type=\"text\/css\">\n\t\t\t#gallery-1 {\n\t\t\t\tmargin: auto;\n\t\t\t}\n\t\t\t#gallery-1 .gallery-item {\n\t\t\t\tfloat: left;\n\t\t\t\tmargin-top: 10px;\n\t\t\t\ttext-align: center;\n\t\t\t\twidth: 33%;\n\t\t\t}\n\t\t\t#gallery-1 img {\n\t\t\t\tborder: 2px solid #cfcfcf;\n\t\t\t}\n\t\t\t#gallery-1 .gallery-caption {\n\t\t\t\tmargin-left: 0;\n\t\t\t}\n\t\t\t\/* see gallery_shortcode() in wp-includes\/media.php *\/\n\t\t<\/style>\n\t\t<div id='gallery-1' class='gallery galleryid-2272 gallery-columns-3 gallery-size-thumbnail'><dl class='gallery-item'>\n\t\t\t<dt class='gallery-icon landscape'>\n\t\t\t\t<a data-rel=\"iLightbox[postimages]\" data-title=\"TECNI BOMBAGE Verre bomb\u00e9 FEUILLETE  EX.BL.  10.10 FILM OPALE  2\" data-caption=\"\" href='https:\/\/www.tecni-bombage.com\/wp-content\/uploads\/FEUILLETE-EX.BL_.-10.10-FILM-OPALE-2.jpeg'><img decoding=\"async\" width=\"150\" height=\"150\" src=\"https:\/\/www.tecni-bombage.com\/wp-content\/uploads\/FEUILLETE-EX.BL_.-10.10-FILM-OPALE-2-150x150.jpeg\" class=\"attachment-thumbnail size-thumbnail\" alt=\"\" srcset=\"https:\/\/www.tecni-bombage.com\/wp-content\/uploads\/FEUILLETE-EX.BL_.-10.10-FILM-OPALE-2-66x66.jpeg 66w, https:\/\/www.tecni-bombage.com\/wp-content\/uploads\/FEUILLETE-EX.BL_.-10.10-FILM-OPALE-2-150x150.jpeg 150w\" sizes=\"(max-width: 150px) 100vw, 150px\" \/><\/a>\n\t\t\t<\/dt><\/dl><dl class='gallery-item'>\n\t\t\t<dt class='gallery-icon landscape'>\n\t\t\t\t<a data-rel=\"iLightbox[postimages]\" data-title=\"TECNI BOMBAGE &#8211; Verre bomb\u00e9 feuillet\u00e9 extra-blanc opale\" data-caption=\"\" href='https:\/\/www.tecni-bombage.com\/wp-content\/uploads\/TECNI-BOMBAGE-Verre-bomb\u00e9-feuillet\u00e9-extra-blanc-10.10-film-opale-1.jpg'><img decoding=\"async\" width=\"150\" height=\"150\" src=\"https:\/\/www.tecni-bombage.com\/wp-content\/uploads\/TECNI-BOMBAGE-Verre-bomb\u00e9-feuillet\u00e9-extra-blanc-10.10-film-opale-1-150x150.jpg\" class=\"attachment-thumbnail size-thumbnail\" alt=\"\" srcset=\"https:\/\/www.tecni-bombage.com\/wp-content\/uploads\/TECNI-BOMBAGE-Verre-bomb\u00e9-feuillet\u00e9-extra-blanc-10.10-film-opale-1-66x66.jpg 66w, https:\/\/www.tecni-bombage.com\/wp-content\/uploads\/TECNI-BOMBAGE-Verre-bomb\u00e9-feuillet\u00e9-extra-blanc-10.10-film-opale-1-150x150.jpg 150w\" sizes=\"(max-width: 150px) 100vw, 150px\" \/><\/a>\n\t\t\t<\/dt><\/dl><dl class='gallery-item'>\n\t\t\t<dt class='gallery-icon landscape'>\n\t\t\t\t<a data-rel=\"iLightbox[postimages]\" data-title=\"TECNI BOMBAGE &#8211; Verre feuillet\u00e9 bomb\u00e9 1\" data-caption=\"\" href='https:\/\/www.tecni-bombage.com\/wp-content\/uploads\/TECNI-BOMBAGE-Verre-feuillet\u00e9-bomb\u00e9-55.2-BP-1.jpg'><img decoding=\"async\" width=\"150\" height=\"150\" src=\"https:\/\/www.tecni-bombage.com\/wp-content\/uploads\/TECNI-BOMBAGE-Verre-feuillet\u00e9-bomb\u00e9-55.2-BP-1-150x150.jpg\" class=\"attachment-thumbnail size-thumbnail\" alt=\"\" srcset=\"https:\/\/www.tecni-bombage.com\/wp-content\/uploads\/TECNI-BOMBAGE-Verre-feuillet\u00e9-bomb\u00e9-55.2-BP-1-66x66.jpg 66w, https:\/\/www.tecni-bombage.com\/wp-content\/uploads\/TECNI-BOMBAGE-Verre-feuillet\u00e9-bomb\u00e9-55.2-BP-1-150x150.jpg 150w\" sizes=\"(max-width: 150px) 100vw, 150px\" \/><\/a>\n\t\t\t<\/dt><\/dl><br style=\"clear: both\" \/><dl class='gallery-item'>\n\t\t\t<dt class='gallery-icon portrait'>\n\t\t\t\t<a data-rel=\"iLightbox[postimages]\" data-title=\"TECNI BOMBAGE &#8211; Verre feuillet\u00e9 bomb\u00e9 88 r\u00e9sine 1.5 mm &#8211; Vitrines\" data-caption=\"\" href='https:\/\/www.tecni-bombage.com\/wp-content\/uploads\/TECNI-BOMBAGE-Verre-feuillet\u00e9-bomb\u00e9-88-r\u00e9sine-1.5-mm-Vitrines.jpg'><img decoding=\"async\" width=\"150\" height=\"150\" src=\"https:\/\/www.tecni-bombage.com\/wp-content\/uploads\/TECNI-BOMBAGE-Verre-feuillet\u00e9-bomb\u00e9-88-r\u00e9sine-1.5-mm-Vitrines-150x150.jpg\" class=\"attachment-thumbnail size-thumbnail\" alt=\"\" srcset=\"https:\/\/www.tecni-bombage.com\/wp-content\/uploads\/TECNI-BOMBAGE-Verre-feuillet\u00e9-bomb\u00e9-88-r\u00e9sine-1.5-mm-Vitrines-66x66.jpg 66w, https:\/\/www.tecni-bombage.com\/wp-content\/uploads\/TECNI-BOMBAGE-Verre-feuillet\u00e9-bomb\u00e9-88-r\u00e9sine-1.5-mm-Vitrines-150x150.jpg 150w\" sizes=\"(max-width: 150px) 100vw, 150px\" \/><\/a>\n\t\t\t<\/dt><\/dl><dl class='gallery-item'>\n\t\t\t<dt class='gallery-icon landscape'>\n\t\t\t\t<a data-rel=\"iLightbox[postimages]\" data-title=\"TECNI BOMBAGE &#8211; Verre feuillet\u00e9 bomb\u00e9 66.2 &#8211; Cloisons (3)\" data-caption=\"\" href='https:\/\/www.tecni-bombage.com\/wp-content\/uploads\/TECNI-BOMBAGE-Verre-feuillet\u00e9-bomb\u00e9-66.2-Cloisons-3.jpg'><img decoding=\"async\" width=\"150\" height=\"150\" src=\"https:\/\/www.tecni-bombage.com\/wp-content\/uploads\/TECNI-BOMBAGE-Verre-feuillet\u00e9-bomb\u00e9-66.2-Cloisons-3-150x150.jpg\" class=\"attachment-thumbnail size-thumbnail\" alt=\"\" srcset=\"https:\/\/www.tecni-bombage.com\/wp-content\/uploads\/TECNI-BOMBAGE-Verre-feuillet\u00e9-bomb\u00e9-66.2-Cloisons-3-66x66.jpg 66w, https:\/\/www.tecni-bombage.com\/wp-content\/uploads\/TECNI-BOMBAGE-Verre-feuillet\u00e9-bomb\u00e9-66.2-Cloisons-3-150x150.jpg 150w\" sizes=\"(max-width: 150px) 100vw, 150px\" \/><\/a>\n\t\t\t<\/dt><\/dl><dl class='gallery-item'>\n\t\t\t<dt class='gallery-icon landscape'>\n\t\t\t\t<a data-rel=\"iLightbox[postimages]\" data-title=\"TECNI BOMBAGE Verre feuillet\u00e9 bomb\u00e9 pour cloisons\" data-caption=\"\" href='https:\/\/www.tecni-bombage.com\/wp-content\/uploads\/TECNI-BOMBAGE-Verre-feuillet\u00e9-bomb\u00e9-66.2-Cloisons.jpg'><img decoding=\"async\" width=\"150\" height=\"150\" src=\"https:\/\/www.tecni-bombage.com\/wp-content\/uploads\/TECNI-BOMBAGE-Verre-feuillet\u00e9-bomb\u00e9-66.2-Cloisons-150x150.jpg\" class=\"attachment-thumbnail size-thumbnail\" alt=\"\" srcset=\"https:\/\/www.tecni-bombage.com\/wp-content\/uploads\/TECNI-BOMBAGE-Verre-feuillet\u00e9-bomb\u00e9-66.2-Cloisons-66x66.jpg 66w, https:\/\/www.tecni-bombage.com\/wp-content\/uploads\/TECNI-BOMBAGE-Verre-feuillet\u00e9-bomb\u00e9-66.2-Cloisons-150x150.jpg 150w\" sizes=\"(max-width: 150px) 100vw, 150px\" \/><\/a>\n\t\t\t<\/dt><\/dl><br style=\"clear: both\" \/><dl class='gallery-item'>\n\t\t\t<dt class='gallery-icon landscape'>\n\t\t\t\t<a data-rel=\"iLightbox[postimages]\" data-title=\"Tecni Bombage Verre bomb\u00e9 vitrine\" data-caption=\"\" href='https:\/\/www.tecni-bombage.com\/wp-content\/uploads\/TECNI-BOMBAGE-Verre-feuillet\u00e9-bomb\u00e9-66.2-Cloisons-2.jpg'><img decoding=\"async\" width=\"150\" height=\"150\" src=\"https:\/\/www.tecni-bombage.com\/wp-content\/uploads\/TECNI-BOMBAGE-Verre-feuillet\u00e9-bomb\u00e9-66.2-Cloisons-2-150x150.jpg\" class=\"attachment-thumbnail size-thumbnail\" alt=\"\" srcset=\"https:\/\/www.tecni-bombage.com\/wp-content\/uploads\/TECNI-BOMBAGE-Verre-feuillet\u00e9-bomb\u00e9-66.2-Cloisons-2-66x66.jpg 66w, https:\/\/www.tecni-bombage.com\/wp-content\/uploads\/TECNI-BOMBAGE-Verre-feuillet\u00e9-bomb\u00e9-66.2-Cloisons-2-150x150.jpg 150w\" sizes=\"(max-width: 150px) 100vw, 150px\" \/><\/a>\n\t\t\t<\/dt><\/dl><dl class='gallery-item'>\n\t\t\t<dt class='gallery-icon landscape'>\n\t\t\t\t<a data-rel=\"iLightbox[postimages]\" data-title=\"TECNI BOMBAGE &#8211; Verre  feuillet\u00e9 bomb\u00e9 66 r\u00e9sine 0.8 mm &#8211; Vitrines\" data-caption=\"\" href='https:\/\/www.tecni-bombage.com\/wp-content\/uploads\/TECNI-BOMBAGE-Verre-feuillet\u00e9-bomb\u00e9-66-r\u00e9sine-0.8-mm-Vitrines.jpg'><img decoding=\"async\" width=\"150\" height=\"150\" src=\"https:\/\/www.tecni-bombage.com\/wp-content\/uploads\/TECNI-BOMBAGE-Verre-feuillet\u00e9-bomb\u00e9-66-r\u00e9sine-0.8-mm-Vitrines-150x150.jpg\" class=\"attachment-thumbnail size-thumbnail\" alt=\"\" srcset=\"https:\/\/www.tecni-bombage.com\/wp-content\/uploads\/TECNI-BOMBAGE-Verre-feuillet\u00e9-bomb\u00e9-66-r\u00e9sine-0.8-mm-Vitrines-66x66.jpg 66w, https:\/\/www.tecni-bombage.com\/wp-content\/uploads\/TECNI-BOMBAGE-Verre-feuillet\u00e9-bomb\u00e9-66-r\u00e9sine-0.8-mm-Vitrines-150x150.jpg 150w\" sizes=\"(max-width: 150px) 100vw, 150px\" \/><\/a>\n\t\t\t<\/dt><\/dl><dl class='gallery-item'>\n\t\t\t<dt class='gallery-icon landscape'>\n\t\t\t\t<a data-rel=\"iLightbox[postimages]\" data-title=\"TECNI BOMBAGE &#8211; Verre feuillet\u00e9 bomb\u00e9 10.10 &#8211; Gardes corps\" data-caption=\"\" href='https:\/\/www.tecni-bombage.com\/wp-content\/uploads\/TECNI-BOMBAGE-Verre-feuillet\u00e9-bomb\u00e9-10.10-Gardes-corps-e1466178470871.jpg'><img decoding=\"async\" width=\"150\" height=\"150\" src=\"https:\/\/www.tecni-bombage.com\/wp-content\/uploads\/TECNI-BOMBAGE-Verre-feuillet\u00e9-bomb\u00e9-10.10-Gardes-corps-150x150.jpg\" class=\"attachment-thumbnail size-thumbnail\" alt=\"\" srcset=\"https:\/\/www.tecni-bombage.com\/wp-content\/uploads\/TECNI-BOMBAGE-Verre-feuillet\u00e9-bomb\u00e9-10.10-Gardes-corps-66x66.jpg 66w, https:\/\/www.tecni-bombage.com\/wp-content\/uploads\/TECNI-BOMBAGE-Verre-feuillet\u00e9-bomb\u00e9-10.10-Gardes-corps-150x150.jpg 150w\" sizes=\"(max-width: 150px) 100vw, 150px\" \/><\/a>\n\t\t\t<\/dt><\/dl><br style=\"clear: both\" \/><dl class='gallery-item'>\n\t\t\t<dt class='gallery-icon portrait'>\n\t\t\t\t<a data-rel=\"iLightbox[postimages]\" data-title=\"TECNI BOMBAGE &#8211; Verre feuillet\u00e9 bomb\u00e9 d\u00e9billard\u00e9 10.10 &#8211; Gardes corps\" data-caption=\"\" href='https:\/\/www.tecni-bombage.com\/wp-content\/uploads\/TECNI-BOMBAGE-Verre-feuillet\u00e9-bomb\u00e9-d\u00e9billard\u00e9-10.10-Gardes-corps.jpg'><img decoding=\"async\" width=\"150\" height=\"150\" src=\"https:\/\/www.tecni-bombage.com\/wp-content\/uploads\/TECNI-BOMBAGE-Verre-feuillet\u00e9-bomb\u00e9-d\u00e9billard\u00e9-10.10-Gardes-corps-150x150.jpg\" class=\"attachment-thumbnail size-thumbnail\" alt=\"\" srcset=\"https:\/\/www.tecni-bombage.com\/wp-content\/uploads\/TECNI-BOMBAGE-Verre-feuillet\u00e9-bomb\u00e9-d\u00e9billard\u00e9-10.10-Gardes-corps-66x66.jpg 66w, https:\/\/www.tecni-bombage.com\/wp-content\/uploads\/TECNI-BOMBAGE-Verre-feuillet\u00e9-bomb\u00e9-d\u00e9billard\u00e9-10.10-Gardes-corps-150x150.jpg 150w\" sizes=\"(max-width: 150px) 100vw, 150px\" \/><\/a>\n\t\t\t<\/dt><\/dl><dl class='gallery-item'>\n\t\t\t<dt class='gallery-icon portrait'>\n\t\t\t\t<a data-rel=\"iLightbox[postimages]\" data-title=\"TECNI BOMBAGE &#8211; Verre feuillet\u00e9 bomb\u00e9 &#8211; Paroi de douche\" data-caption=\"\" href='https:\/\/www.tecni-bombage.com\/wp-content\/uploads\/TECNI-BOMBAGE-Verre-feuillet\u00e9-bomb\u00e9-Paroi-de-douche.jpg'><img decoding=\"async\" width=\"150\" height=\"150\" src=\"https:\/\/www.tecni-bombage.com\/wp-content\/uploads\/TECNI-BOMBAGE-Verre-feuillet\u00e9-bomb\u00e9-Paroi-de-douche-150x150.jpg\" class=\"attachment-thumbnail size-thumbnail\" alt=\"\" srcset=\"https:\/\/www.tecni-bombage.com\/wp-content\/uploads\/TECNI-BOMBAGE-Verre-feuillet\u00e9-bomb\u00e9-Paroi-de-douche-66x66.jpg 66w, https:\/\/www.tecni-bombage.com\/wp-content\/uploads\/TECNI-BOMBAGE-Verre-feuillet\u00e9-bomb\u00e9-Paroi-de-douche-150x150.jpg 150w\" sizes=\"(max-width: 150px) 100vw, 150px\" \/><\/a>\n\t\t\t<\/dt><\/dl><dl class='gallery-item'>\n\t\t\t<dt class='gallery-icon portrait'>\n\t\t\t\t<a data-rel=\"iLightbox[postimages]\" data-title=\"TECNI BOMBAGE &#8211; Feuillet\u00e9 bomb\u00e9 10.10 extra blanc avec insertion film d\u00e9co &#8211; Agencement int\u00e9rieur\" data-caption=\"\" href='https:\/\/www.tecni-bombage.com\/wp-content\/uploads\/TECNI-BOMBAGE-Feuillet\u00e9-bomb\u00e9-10.10-extra-blanc-avec-insertion-film-d\u00e9co-Agencement-int\u00e9rieur-e1456400590390.jpg'><img decoding=\"async\" width=\"150\" height=\"150\" src=\"https:\/\/www.tecni-bombage.com\/wp-content\/uploads\/TECNI-BOMBAGE-Feuillet\u00e9-bomb\u00e9-10.10-extra-blanc-avec-insertion-film-d\u00e9co-Agencement-int\u00e9rieur-e1456400590390-150x150.jpg\" class=\"attachment-thumbnail size-thumbnail\" alt=\"am\u00e9nagement int\u00e9rieur\" srcset=\"https:\/\/www.tecni-bombage.com\/wp-content\/uploads\/TECNI-BOMBAGE-Feuillet\u00e9-bomb\u00e9-10.10-extra-blanc-avec-insertion-film-d\u00e9co-Agencement-int\u00e9rieur-e1456400590390-66x66.jpg 66w, https:\/\/www.tecni-bombage.com\/wp-content\/uploads\/TECNI-BOMBAGE-Feuillet\u00e9-bomb\u00e9-10.10-extra-blanc-avec-insertion-film-d\u00e9co-Agencement-int\u00e9rieur-e1456400590390-150x150.jpg 150w\" sizes=\"(max-width: 150px) 100vw, 150px\" \/><\/a>\n\t\t\t<\/dt><\/dl><br style=\"clear: both\" \/>\n\t\t<\/div>\n\n<p>Contact us to tell us about your projects and we will adapt ourselves to all your bespoke curved glass creations: <a href=\"https:\/\/www.tecni-bombage.com\/en\/contact-us\/\">CONTACT US<\/a><\/p>\n","protected":false},"excerpt":{"rendered":"<p>Curved glass allows for an exceptionally wide range of creative interior design solutions. It can be integrated into a large [&hellip;]<\/p>\n","protected":false},"author":2,"featured_media":0,"parent":0,"menu_order":0,"comment_status":"closed","ping_status":"closed","template":"","meta":{"footnotes":""},"class_list":["post-2272","page","type-page","status-publish","hentry"],"yoast_head":"<!-- This site is optimized with the Yoast SEO plugin v27.5 - https:\/\/yoast.com\/product\/yoast-seo-wordpress\/ -->\n<title>Interior design &#8211; Tecni Bombage<\/title>\n<meta name=\"description\" content=\"Tecni Bombage: your partner for all curved glass applications in interior design\" \/>\n<meta name=\"robots\" content=\"index, follow, max-snippet:-1, max-image-preview:large, max-video-preview:-1\" \/>\n<link rel=\"canonical\" href=\"https:\/\/www.tecni-bombage.com\/en\/interior-design\/\" \/>\n<meta property=\"og:locale\" content=\"en_US\" \/>\n<meta property=\"og:type\" content=\"article\" \/>\n<meta property=\"og:title\" content=\"Interior design &#8211; Tecni Bombage\" \/>\n<meta property=\"og:description\" content=\"Tecni Bombage: your partner for all curved glass applications in interior design\" \/>\n<meta property=\"og:url\" content=\"https:\/\/www.tecni-bombage.com\/en\/interior-design\/\" \/>\n<meta property=\"og:site_name\" content=\"Tecni Bombage\" \/>\n<meta property=\"og:image\" content=\"https:\/\/www.tecni-bombage.com\/wp-content\/uploads\/FEUILLETE-EX.BL_.-10.10-FILM-OPALE-2-150x150.jpeg\" \/>\n<meta name=\"twitter:card\" content=\"summary_large_image\" \/>\n<script type=\"application\/ld+json\" class=\"yoast-schema-graph\">{\"@context\":\"https:\\\/\\\/schema.org\",\"@graph\":[{\"@type\":\"WebPage\",\"@id\":\"https:\\\/\\\/www.tecni-bombage.com\\\/en\\\/interior-design\\\/\",\"url\":\"https:\\\/\\\/www.tecni-bombage.com\\\/en\\\/interior-design\\\/\",\"name\":\"Interior design &#8211; Tecni Bombage\",\"isPartOf\":{\"@id\":\"https:\\\/\\\/www.tecni-bombage.com\\\/en\\\/#website\"},\"datePublished\":\"2021-06-09T14:23:11+00:00\",\"description\":\"Tecni Bombage: your partner for all curved glass applications in interior design\",\"breadcrumb\":{\"@id\":\"https:\\\/\\\/www.tecni-bombage.com\\\/en\\\/interior-design\\\/#breadcrumb\"},\"inLanguage\":\"en-US\",\"potentialAction\":[{\"@type\":\"ReadAction\",\"target\":[\"https:\\\/\\\/www.tecni-bombage.com\\\/en\\\/interior-design\\\/\"]}]},{\"@type\":\"BreadcrumbList\",\"@id\":\"https:\\\/\\\/www.tecni-bombage.com\\\/en\\\/interior-design\\\/#breadcrumb\",\"itemListElement\":[{\"@type\":\"ListItem\",\"position\":1,\"name\":\"Accueil\",\"item\":\"https:\\\/\\\/www.tecni-bombage.com\\\/en\\\/\"},{\"@type\":\"ListItem\",\"position\":2,\"name\":\"Interior design\"}]},{\"@type\":\"WebSite\",\"@id\":\"https:\\\/\\\/www.tecni-bombage.com\\\/en\\\/#website\",\"url\":\"https:\\\/\\\/www.tecni-bombage.com\\\/en\\\/\",\"name\":\"Tecni Bombage\",\"description\":\"Le verre bomb\u00e9 est notre m\u00e9tier\",\"potentialAction\":[{\"@type\":\"SearchAction\",\"target\":{\"@type\":\"EntryPoint\",\"urlTemplate\":\"https:\\\/\\\/www.tecni-bombage.com\\\/en\\\/?s={search_term_string}\"},\"query-input\":{\"@type\":\"PropertyValueSpecification\",\"valueRequired\":true,\"valueName\":\"search_term_string\"}}],\"inLanguage\":\"en-US\"}]}<\/script>\n<!-- \/ Yoast SEO plugin. -->","yoast_head_json":{"title":"Interior design &#8211; Tecni Bombage","description":"Tecni Bombage: your partner for all curved glass applications in interior design","robots":{"index":"index","follow":"follow","max-snippet":"max-snippet:-1","max-image-preview":"max-image-preview:large","max-video-preview":"max-video-preview:-1"},"canonical":"https:\/\/www.tecni-bombage.com\/en\/interior-design\/","og_locale":"en_US","og_type":"article","og_title":"Interior design &#8211; Tecni Bombage","og_description":"Tecni Bombage: your partner for all curved glass applications in interior design","og_url":"https:\/\/www.tecni-bombage.com\/en\/interior-design\/","og_site_name":"Tecni Bombage","og_image":[{"url":"https:\/\/www.tecni-bombage.com\/wp-content\/uploads\/FEUILLETE-EX.BL_.-10.10-FILM-OPALE-2-150x150.jpeg","type":"","width":"","height":""}],"twitter_card":"summary_large_image","schema":{"@context":"https:\/\/schema.org","@graph":[{"@type":"WebPage","@id":"https:\/\/www.tecni-bombage.com\/en\/interior-design\/","url":"https:\/\/www.tecni-bombage.com\/en\/interior-design\/","name":"Interior design &#8211; Tecni Bombage","isPartOf":{"@id":"https:\/\/www.tecni-bombage.com\/en\/#website"},"datePublished":"2021-06-09T14:23:11+00:00","description":"Tecni Bombage: your partner for all curved glass applications in interior design","breadcrumb":{"@id":"https:\/\/www.tecni-bombage.com\/en\/interior-design\/#breadcrumb"},"inLanguage":"en-US","potentialAction":[{"@type":"ReadAction","target":["https:\/\/www.tecni-bombage.com\/en\/interior-design\/"]}]},{"@type":"BreadcrumbList","@id":"https:\/\/www.tecni-bombage.com\/en\/interior-design\/#breadcrumb","itemListElement":[{"@type":"ListItem","position":1,"name":"Accueil","item":"https:\/\/www.tecni-bombage.com\/en\/"},{"@type":"ListItem","position":2,"name":"Interior design"}]},{"@type":"WebSite","@id":"https:\/\/www.tecni-bombage.com\/en\/#website","url":"https:\/\/www.tecni-bombage.com\/en\/","name":"Tecni Bombage","description":"Le verre bomb\u00e9 est notre m\u00e9tier","potentialAction":[{"@type":"SearchAction","target":{"@type":"EntryPoint","urlTemplate":"https:\/\/www.tecni-bombage.com\/en\/?s={search_term_string}"},"query-input":{"@type":"PropertyValueSpecification","valueRequired":true,"valueName":"search_term_string"}}],"inLanguage":"en-US"}]}},"_links":{"self":[{"href":"https:\/\/www.tecni-bombage.com\/en\/wp-json\/wp\/v2\/pages\/2272","targetHints":{"allow":["GET"]}}],"collection":[{"href":"https:\/\/www.tecni-bombage.com\/en\/wp-json\/wp\/v2\/pages"}],"about":[{"href":"https:\/\/www.tecni-bombage.com\/en\/wp-json\/wp\/v2\/types\/page"}],"author":[{"embeddable":true,"href":"https:\/\/www.tecni-bombage.com\/en\/wp-json\/wp\/v2\/users\/2"}],"replies":[{"embeddable":true,"href":"https:\/\/www.tecni-bombage.com\/en\/wp-json\/wp\/v2\/comments?post=2272"}],"version-history":[{"count":0,"href":"https:\/\/www.tecni-bombage.com\/en\/wp-json\/wp\/v2\/pages\/2272\/revisions"}],"wp:attachment":[{"href":"https:\/\/www.tecni-bombage.com\/en\/wp-json\/wp\/v2\/media?parent=2272"}],"curies":[{"name":"wp","href":"https:\/\/api.w.org\/{rel}","templated":true}]}}